{"id":5066,"date":"2025-06-19T08:06:39","date_gmt":"2025-06-19T08:06:39","guid":{"rendered":"https:\/\/livingwithgist.eu\/nutzungsbedingungen\/"},"modified":"2025-10-15T13:13:02","modified_gmt":"2025-10-15T13:13:02","slug":"nutzungsbedingungen","status":"publish","type":"page","link":"https:\/\/livingwithgist.eu\/de\/nutzungsbedingungen\/","title":{"rendered":"Nutzungsbedingungen"},"content":{"rendered":"\t\t<div data-elementor-type=\"wp-page\" data-elementor-id=\"5066\" class=\"elementor elementor-5066 elementor-37\" data-elementor-post-type=\"page\">\n\t\t\t\t<div class=\"elementor-element elementor-element-3f7d33b e-con-full e-flex e-con e-parent\" data-id=\"3f7d33b\" data-element_type=\"container\" data-e-type=\"container\" data-settings=\"{&quot;background_background&quot;:&quot;classic&quot;}\">\n\t\t\t\t<div class=\"elementor-element elementor-element-0d3b085 elementor-widget elementor-widget-heading\" data-id=\"0d3b085\" data-element_type=\"widget\" data-e-type=\"widget\" data-widget_type=\"heading.default\">\n\t\t\t\t<div class=\"elementor-widget-container\">\n\t\t\t\t\t<h1 class=\"elementor-heading-title elementor-size-default\">Nutzungsbedingungen<\/h1>\t\t\t\t<\/div>\n\t\t\t\t<\/div>\n\t\t\t\t<\/div>\n\t\t<div class=\"elementor-element elementor-element-d32f5bd e-con-full e-flex e-con e-parent\" data-id=\"d32f5bd\" data-element_type=\"container\" data-e-type=\"container\">\n\t\t<div class=\"elementor-element elementor-element-818841f e-con-full e-flex e-con e-child\" data-id=\"818841f\" data-element_type=\"container\" data-e-type=\"container\">\n\t\t\t\t<div class=\"elementor-element elementor-element-9dfbdf6 elementor-widget elementor-widget-text-editor\" data-id=\"9dfbdf6\" data-element_type=\"widget\" data-e-type=\"widget\" data-widget_type=\"text-editor.default\">\n\t\t\t\t<div class=\"elementor-widget-container\">\n\t\t\t\t\t\t\t\t\tWillkommen auf www.Iivingwithgist.eu. \nBitte lesen Sie die folgenden Nutzungsbedingungen (die \u201eNutzungsbedingungen\u201c) sorgf\u00e4ltig durch, bevor Sie diese Website nutzen. Ihre Nutzung dieser Website unterliegt den in diesen Nutzungsbedingungen enthaltenen Bedingungen und stellt deren Annahme dar. \t\t\t\t\t\t\t\t<\/div>\n\t\t\t\t<\/div>\n\t\t\t\t<div class=\"elementor-element elementor-element-1803746 elementor-widget elementor-widget-heading\" data-id=\"1803746\" data-element_type=\"widget\" data-e-type=\"widget\" data-widget_type=\"heading.default\">\n\t\t\t\t<div class=\"elementor-widget-container\">\n\t\t\t\t\t<h3 class=\"elementor-heading-title elementor-size-default\">Allgemeines<\/h3>\t\t\t\t<\/div>\n\t\t\t\t<\/div>\n\t\t\t\t<div class=\"elementor-element elementor-element-4a1b82a elementor-widget elementor-widget-text-editor\" data-id=\"4a1b82a\" data-element_type=\"widget\" data-e-type=\"widget\" data-widget_type=\"text-editor.default\">\n\t\t\t\t<div class=\"elementor-widget-container\">\n\t\t\t\t\t\t\t\t\t<p>Diese Website unter www.livingwithgist.eu und ihre Subdomains (\u201ediese Website\u201c) wird von Deciphera Pharmaceuticals AG (Schweiz) und ihren verbundenen Unternehmen (im Folgenden zusammenfassend als \u201eDeciphera\u201c, \u201ewir\u201c, \u201euns\u201c, \u201eunser\u201c bezeichnet) zum Nutzen der Besucherinnen und Besucher unserer Website bereitgestellt. Nichts auf dieser Website ist als Angebot zum Abschluss eines verbindlichen Vertrags, als Gew\u00e4hrung einer Lizenz oder als \u00dcbertragung von geistigem Eigentum auszulegen.<br>Die auf dieser Website bereitgestellten Informationen dienen ausschlie\u00dflich allgemeinen krankheitsbezogenen Aufkl\u00e4rungs- und Informationszwecken. Wir bieten \u00fcber diese Website keine Beratung zu medizinischen Diagnosen oder Behandlungen an, und die dargestellten Informationen sollten nicht als medizinische Beratung oder Dienstleistung interpretiert werden. Sie sind nicht zur Diagnose von Gesundheitsproblemen oder Krankheiten bestimmt. Deciphera \u00fcbernimmt keine Gew\u00e4hr f\u00fcr die Richtigkeit dieser Informationen. Personen, die eine Diagnose oder Behandlung w\u00fcnschen oder spezifische Fragen zu ihrer Gesundheit oder einer Behandlungsoption haben, sollten stets ihren Arzt konsultieren.     <br><br>Ungeachtet anderer Bestimmungen in diesen Nutzungsbedingungen beh\u00e4lt sich Deciphera das Recht vor, im Falle eines Versto\u00dfes gegen diese Nutzungsbedingungen seine Rechte, sein Eigentum und seine Interessen im gr\u00f6\u00dftm\u00f6glichen, gesetzlich zul\u00e4ssigen Umfang zu sch\u00fctzen.<\/p>\t\t\t\t\t\t\t\t<\/div>\n\t\t\t\t<\/div>\n\t\t\t\t<div class=\"elementor-element elementor-element-7a0ab94 elementor-widget elementor-widget-heading\" data-id=\"7a0ab94\" data-element_type=\"widget\" data-e-type=\"widget\" data-widget_type=\"heading.default\">\n\t\t\t\t<div class=\"elementor-widget-container\">\n\t\t\t\t\t<h3 class=\"elementor-heading-title elementor-size-default\">Urheberrechte und Marken<\/h3>\t\t\t\t<\/div>\n\t\t\t\t<\/div>\n\t\t\t\t<div class=\"elementor-element elementor-element-ee8e24f elementor-widget elementor-widget-text-editor\" data-id=\"ee8e24f\" data-element_type=\"widget\" data-e-type=\"widget\" data-widget_type=\"text-editor.default\">\n\t\t\t\t<div class=\"elementor-widget-container\">\n\t\t\t\t\t\t\t\t\t<div id=\"message-list_1758209321.104459\" class=\"c-virtual_list__item\" tabindex=\"0\" role=\"listitem\" aria-setsize=\"-1\" data-qa=\"virtual-list-item\" data-item-key=\"1758209321.104459\"><div class=\"c-message_kit__background c-message_kit__background--hovered p-message_pane_message__message c-message_kit__message\" role=\"presentation\" data-qa=\"message_container\" data-qa-unprocessed=\"false\" data-qa-placeholder=\"false\"><div class=\"c-message_kit__hover c-message_kit__hover--hovered\" role=\"document\" aria-roledescription=\"messaggio\" data-qa-hover=\"true\"><div class=\"c-message_kit__actions c-message_kit__actions--default\"><div class=\"c-message_kit__gutter\"><div class=\"c-message_kit__gutter__right\" role=\"presentation\" data-qa=\"message_content\"><div class=\"c-message_kit__blocks c-message_kit__blocks--rich_text\"><div class=\"c-message__message_blocks c-message__message_blocks--rich_text\" data-qa=\"message-text\"><div class=\"p-block_kit_renderer\" data-qa=\"block-kit-renderer\"><div class=\"p-block_kit_renderer__block_wrapper p-block_kit_renderer__block_wrapper--first\"><div class=\"p-rich_text_block\" dir=\"auto\"><div class=\"p-rich_text_section\">Diese Website und die darin enthaltenen Informationen sind Eigentum von Deciphera und seinen verbundenen Unternehmen sowie Lizenzgebern (sofern nicht ausdr\u00fccklich als Eigentum Dritter gekennzeichnet) und sind durch europ\u00e4ische und US-amerikanische Urheberrechtsgesetze, internationale Abkommen und andere Gesetze zum Schutz geistigen Eigentums vor unbefugter Vervielf\u00e4ltigung und Verbreitung gesch\u00fctzt. Alle auf dieser Website gezeigten oder genannten Marken und Logos sind Eigentum ihrer jeweiligen Inhaber. Nichts auf dieser Website ist so auszulegen, dass eine Lizenz oder ein Recht an Marken, Logos, Bildern oder anderen Rechten des geistigen Eigentums gew\u00e4hrt wird. Alle Rechte sind den Eigent\u00fcmern der jeweiligen Marken, Dienstleistungsmarken, Logos, Bilder oder anderen geistigen Eigentumsrechte vorbehalten, sofern in diesen Nutzungsbedingungen nichts ausdr\u00fccklich etwas anderes angegeben ist.   <\/div><\/div><\/div><\/div><\/div><\/div><\/div><\/div><\/div><\/div><\/div><\/div>\t\t\t\t\t\t\t\t<\/div>\n\t\t\t\t<\/div>\n\t\t\t\t<div class=\"elementor-element elementor-element-2054d7c elementor-widget elementor-widget-heading\" data-id=\"2054d7c\" data-element_type=\"widget\" data-e-type=\"widget\" data-widget_type=\"heading.default\">\n\t\t\t\t<div class=\"elementor-widget-container\">\n\t\t\t\t\t<h3 class=\"elementor-heading-title elementor-size-default\">Datenschutz<\/h3>\t\t\t\t<\/div>\n\t\t\t\t<\/div>\n\t\t\t\t<div class=\"elementor-element elementor-element-88b9182 elementor-widget elementor-widget-text-editor\" data-id=\"88b9182\" data-element_type=\"widget\" data-e-type=\"widget\" data-widget_type=\"text-editor.default\">\n\t\t\t\t<div class=\"elementor-widget-container\">\n\t\t\t\t\t\t\t\t\tIhre Nutzung dieser Website sowie alle Informationen (einschlie\u00dflich, jedoch nicht beschr\u00e4nkt auf personenbezogene Daten), die Sie Deciphera \u00fcber oder im Zusammenhang mit dieser Website \u00fcbermitteln, unterliegen der Datenschutzerkl\u00e4rung von Deciphera, die auf dieser Website verf\u00fcgbar ist. Es wird darauf hingewiesen, dass unsere Datenschutzerkl\u00e4rung hiermit ausdr\u00fccklich Bestandteil dieser Nutzungsbedingungen wird.<br>Der \u00dcbermittler von Informationen an Deciphera ist allein verantwortlich f\u00fcr deren Inhalt, einschlie\u00dflich, jedoch nicht beschr\u00e4nkt auf deren Richtigkeit, Wahrhaftigkeit und die Nichtverletzung gesetzlicher Rechte Dritter. \t\t\t\t\t\t\t\t<\/div>\n\t\t\t\t<\/div>\n\t\t\t\t<div class=\"elementor-element elementor-element-6e1446b elementor-widget elementor-widget-heading\" data-id=\"6e1446b\" data-element_type=\"widget\" data-e-type=\"widget\" data-widget_type=\"heading.default\">\n\t\t\t\t<div class=\"elementor-widget-container\">\n\t\t\t\t\t<h3 class=\"elementor-heading-title elementor-size-default\">Datierte Informationen<\/h3>\t\t\t\t<\/div>\n\t\t\t\t<\/div>\n\t\t\t\t<div class=\"elementor-element elementor-element-385d530 elementor-widget elementor-widget-text-editor\" data-id=\"385d530\" data-element_type=\"widget\" data-e-type=\"widget\" data-widget_type=\"text-editor.default\">\n\t\t\t\t<div class=\"elementor-widget-container\">\n\t\t\t\t\t\t\t\t\tObwohl Deciphera die auf dieser Website pr\u00e4sentierten Informationen regelm\u00e4\u00dfig aktualisiert oder korrigiert, k\u00f6nnen in diesen Informationen typografische Fehler enthalten sein und\/oder diese technischen Ungenauigkeiten bzw. Auslassungen enthalten. Deciphera gibt keine Zusicherungen oder Gew\u00e4hrleistungen ab.<br>Deciphera gibt keine Zusicherung oder Garantie hinsichtlich der Richtigkeit der Informationen auf dieser Website ab und lehnt ausdr\u00fccklich jede Verpflichtung ab, solche Informationen zu aktualisieren. Deciphera beh\u00e4lt sich au\u00dferdem das Recht vor, jederzeit und ohne vorherige Ank\u00fcndigung Erg\u00e4nzungen, L\u00f6schungen oder \u00c4nderungen an den Informationen vorzunehmen.  \t\t\t\t\t\t\t\t<\/div>\n\t\t\t\t<\/div>\n\t\t\t\t<div class=\"elementor-element elementor-element-d6d402c elementor-widget elementor-widget-heading\" data-id=\"d6d402c\" data-element_type=\"widget\" data-e-type=\"widget\" data-widget_type=\"heading.default\">\n\t\t\t\t<div class=\"elementor-widget-container\">\n\t\t\t\t\t<h3 class=\"elementor-heading-title elementor-size-default\">Links zu anderen Websites<\/h3>\t\t\t\t<\/div>\n\t\t\t\t<\/div>\n\t\t\t\t<div class=\"elementor-element elementor-element-3227a92 elementor-widget elementor-widget-text-editor\" data-id=\"3227a92\" data-element_type=\"widget\" data-e-type=\"widget\" data-widget_type=\"text-editor.default\">\n\t\t\t\t<div class=\"elementor-widget-container\">\n\t\t\t\t\t\t\t\t\tDiese Website enth\u00e4lt Links zu Websites, die von Einrichtungen des Gesundheitswesens und anderen Organisationen sowie von Gesundheitsbeh\u00f6rden und Kartendiensten betrieben werden.<br>Deciphera stellt Ihnen diese Links ausschlie\u00dflich als Service zur Verf\u00fcgung. Die Aufnahme eines Links bedeutet nicht, dass Deciphera die Website, das Unternehmen oder das Produkt eines Dritten bef\u00fcrwortet. Deciphera hat keine Kontrolle \u00fcber den Inhalt solcher Websites Dritter und \u00fcbernimmt keine Verantwortung f\u00fcr die Funktionalit\u00e4t dieser Websites oder f\u00fcr die Richtigkeit der auf diesen anderen Websites dargestellten Informationen.  \t\t\t\t\t\t\t\t<\/div>\n\t\t\t\t<\/div>\n\t\t\t\t<div class=\"elementor-element elementor-element-412feed elementor-widget elementor-widget-heading\" data-id=\"412feed\" data-element_type=\"widget\" data-e-type=\"widget\" data-widget_type=\"heading.default\">\n\t\t\t\t<div class=\"elementor-widget-container\">\n\t\t\t\t\t<h3 class=\"elementor-heading-title elementor-size-default\">Links zu dieser Website<\/h3>\t\t\t\t<\/div>\n\t\t\t\t<\/div>\n\t\t\t\t<div class=\"elementor-element elementor-element-c741f65 elementor-widget elementor-widget-text-editor\" data-id=\"c741f65\" data-element_type=\"widget\" data-e-type=\"widget\" data-widget_type=\"text-editor.default\">\n\t\t\t\t<div class=\"elementor-widget-container\">\n\t\t\t\t\t\t\t\t\tLinks zu Dokumenten, die von Deciphera auf dieser Website ver\u00f6ffentlicht werden, d\u00fcrfen ausschlie\u00dflich auf die Startseite verweisen, ohne dass Frames oder unsere URL-Adresse entfernt werden.\t\t\t\t\t\t\t\t<\/div>\n\t\t\t\t<\/div>\n\t\t\t\t<div class=\"elementor-element elementor-element-4bdf04e elementor-widget__width-initial elementor-widget elementor-widget-text-editor\" data-id=\"4bdf04e\" data-element_type=\"widget\" data-e-type=\"widget\" data-widget_type=\"text-editor.default\">\n\t\t\t\t<div class=\"elementor-widget-container\">\n\t\t\t\t\t\t\t\t\t<p>KEINE GARANTIEN. DIESE WEBSITE UND ANDERE INFORMATIONEN DIE AUF DIESER WEBSITE ZUR VERF\u00dcGUNG GESTELLT WERDEN ODER \u00dcBER DIESE WEBSITE ZUG\u00c4NGLICH SIND, WERDEN \u201eWIE BESEHEN\u201c OHNE JEGLICHE GARANTIE, WEDER AUSDR\u00dcCKLICH NOCH KONKLUDENT, EINSCHLIESSLICH, OHNE BESCHR\u00c4NKUNG, KONKLUDENTER ZUSICHERUNGEN DER HANDELS\u00dcBLICHKEIT, DER EIGNUNG F\u00dcR EINEN BESTIMMTEN ZWECK UND DER NICHTVERLETZUNG VON RECHTEN DRITTER BEREITGESTELLT.INSBESONDERE, JEDOCH NICHT ABSCHLIESSEND, GIBT DECIPHERA KEINEGARANTIE DAF\u00dcR, DASS: (i) DIE \u00dcBER DIESE WEBSITE VERF\u00dcGBAREN INFORMATIONEN FEHLERFREI SIND; (ii) DIE INHALTE, FUNKTIONEN ODER DIENSTE DIESER WEBSITE UNTERBRECHUNGSFREI, SICHER ODER FEHLERFREI ZUR VERF\u00dcGUNG STEHEN; (iii) M\u00c4NGEL BEHOBEN WERDEN ODER (iv) DIESE WEBSITE ODER DIE SERVER, DIE SIE BEREITSTELLEN, FREI VON VIREN ODER ANDEREN SCH\u00c4DLICHEN KOMPONENTEN BESTANDTEILEN SIND.     <\/p><p>HAFTUNGSAUSSCHLUSS. IN KEINEM FALL HAFTET DECIPHERA GEGEN\u00dcBER IHNEN, EINEM ANDEREN NUTZER DIESER WEBSITE, DRITTANBIETERN ODER EINER ANDEREN NAT\u00dcRLICHEN ODER JURISTISCHEN PERSON F\u00dcR BESONDERE, ZUF\u00c4LLIGE, STRAFRECHTLICHE, FOLGESCH\u00c4DEN, EXEMPLARISCHE ODER SONSTIGE INDIREKTE SCH\u00c4DEN (EINSCHLIESSLICH, JEDOCH NICHT ABSCHLIESSEND AUF SCH\u00c4DEN DURCH ENTGANGENEM GEWINN, DATENVERLUST, NUTZUNGSAUSFALL ODER KOSTEN F\u00dcR DIE BESCHAFFUNG VON ERSATZG\u00dcTERN ODER -DIENSTLEISTUNGEN), DIE AUS DER NUTZUNG, DER UNM\u00d6GLICHKEIT DER NUTZUNG, DEM UNBEFUGTEN ZUGRIFF AUF ODER DER NUTZUNG ODER DEM MISSBRAUCH DIESER WEBSITE ENTSTEHEN, UNABH\u00c4NGIG DAVON, OB DIE ANSPR\u00dcCHE AUF GARANTIE, VERTRAG, UNERLAUBTER HANDLUNG (EINSCHLIESSLICH FAHRL\u00c4SSIGKEIT) ODER ANDERWEITIG BERUHEN, SELBST WENN DECIPHERA AUF DIE M\u00d6GLICHKEIT SOLCHER SCH\u00c4DEN ODER VERLUSTE HINGEWIESEN WURDEN. <\/p>\t\t\t\t\t\t\t\t<\/div>\n\t\t\t\t<\/div>\n\t\t\t\t<div class=\"elementor-element elementor-element-13a92d5 elementor-widget elementor-widget-heading\" data-id=\"13a92d5\" data-element_type=\"widget\" data-e-type=\"widget\" data-widget_type=\"heading.default\">\n\t\t\t\t<div class=\"elementor-widget-container\">\n\t\t\t\t\t<h3 class=\"elementor-heading-title elementor-size-default\">Anwendbares Recht<\/h3>\t\t\t\t<\/div>\n\t\t\t\t<\/div>\n\t\t\t\t<div class=\"elementor-element elementor-element-948d261 elementor-widget elementor-widget-text-editor\" data-id=\"948d261\" data-element_type=\"widget\" data-e-type=\"widget\" data-widget_type=\"text-editor.default\">\n\t\t\t\t<div class=\"elementor-widget-container\">\n\t\t\t\t\t\t\t\t\tDiese Website ist weltweit zug\u00e4nglich. Durch den Zugriff auf diese Website vereinbaren Sie und Deciphera, dass das Recht der Schweiz unter Ausschluss aller kollisionsrechtlichen Grunds\u00e4tze auf alle Streitigkeiten, die sich aus oder im Zusammenhang mit Ihrer Nutzung dieser Website oder den darin enthaltenen Informationen ergeben, Anwendung findet.\n<br>In Bezug auf solche Streitigkeiten vereinbaren Sie und  \n\nDeciphera au\u00dferdem die ausschlie\u00dfliche Zust\u00e4ndigkeit der Gerichte der Schweiz.\t\t\t\t\t\t\t\t<\/div>\n\t\t\t\t<\/div>\n\t\t\t\t<div class=\"elementor-element elementor-element-23f797f elementor-widget elementor-widget-heading\" data-id=\"23f797f\" data-element_type=\"widget\" data-e-type=\"widget\" data-widget_type=\"heading.default\">\n\t\t\t\t<div class=\"elementor-widget-container\">\n\t\t\t\t\t<h3 class=\"elementor-heading-title elementor-size-default\">Miscellaneous<\/h3>\t\t\t\t<\/div>\n\t\t\t\t<\/div>\n\t\t\t\t<div class=\"elementor-element elementor-element-3d87fb8 elementor-widget elementor-widget-text-editor\" data-id=\"3d87fb8\" data-element_type=\"widget\" data-e-type=\"widget\" data-widget_type=\"text-editor.default\">\n\t\t\t\t<div class=\"elementor-widget-container\">\n\t\t\t\t\t\t\t\t\tSie d\u00fcrfen Ihre Rechte oder Pflichten aus diesen Nutzungsbedingungen ohne unsere Zustimmung weder ganz noch teilweise an Dritte abtreten oder \u00fcbertragen. Diese Nutzungsbedingungen sind f\u00fcr die Parteien sowie ihre jeweiligen Rechtsnachfolger und zul\u00e4ssigen Zessionare bindend. \t\t\t\t\t\t\t\t<\/div>\n\t\t\t\t<\/div>\n\t\t\t\t<div class=\"elementor-element elementor-element-cafd0f3 elementor-widget elementor-widget-heading\" data-id=\"cafd0f3\" data-element_type=\"widget\" data-e-type=\"widget\" data-widget_type=\"heading.default\">\n\t\t\t\t<div class=\"elementor-widget-container\">\n\t\t\t\t\t<h3 class=\"elementor-heading-title elementor-size-default\">\u00c4nderungen an dieser Mitteilung<\/h3>\t\t\t\t<\/div>\n\t\t\t\t<\/div>\n\t\t\t\t<div class=\"elementor-element elementor-element-268a55a elementor-widget elementor-widget-text-editor\" data-id=\"268a55a\" data-element_type=\"widget\" data-e-type=\"widget\" data-widget_type=\"text-editor.default\">\n\t\t\t\t<div class=\"elementor-widget-container\">\n\t\t\t\t\t\t\t\t\tDeciphera beh\u00e4lt sich das Recht vor, diese Nutzungsbedingungen jederzeit aus beliebigen Gr\u00fcnden zu \u00e4ndern. Solche \u00c4nderungen treten durch die Ver\u00f6ffentlichung der aktualisierten Nutzungsbedingungen auf dieser Website in Kraft. Etwaige \u00c4nderungen gelten jedoch nur f\u00fcr Ihre Nutzung dieser Website nach dem Datum der \u00c4nderung(en), es sei denn, Sie stimmen der r\u00fcckwirkenden Anwendung dieser \u00c4nderung(en) ausdr\u00fccklich durch Anklicken der \u201eClick-through Vereinbarung\u201c, durch Unterzeichnung einer Vereinbarung oder auf andere Weise zu.<br>Vereinbarung oder auf andere Weise akzeptieren. \t\t\t\t\t\t\t\t<\/div>\n\t\t\t\t<\/div>\n\t\t\t\t<div class=\"elementor-element elementor-element-4982771 elementor-widget elementor-widget-text-editor\" data-id=\"4982771\" data-element_type=\"widget\" data-e-type=\"widget\" data-widget_type=\"text-editor.default\">\n\t\t\t\t<div class=\"elementor-widget-container\">\n\t\t\t\t\t\t\t\t\t<p>Copyright \u00a9 2025 Deciphera Pharmaceuticals, Inc. und das Deciphera-Logo sind eingetragene Marken von Deciphera Pharmaceuticals, LLC.<br>\n  <br>Aktualisiert: September 2025\n<\/p>\t\t\t\t\t\t\t\t<\/div>\n\t\t\t\t<\/div>\n\t\t\t\t<\/div>\n\t\t\t\t<\/div>\n\t\t\t\t<\/div>\n\t\t","protected":false},"excerpt":{"rendered":"<p>Nutzungsbedingungen Willkommen auf www.Iivingwithgist.eu. Bitte lesen Sie die folgenden Nutzungsbedingungen (die \u201eNutzungsbedingungen\u201c) sorgf\u00e4ltig durch, bevor Sie diese Website nutzen. Ihre Nutzung dieser Website unterliegt den in diesen Nutzungsbedingungen enthaltenen Bedingungen und stellt deren Annahme dar. Allgemeines Diese Website unter www.livingwithgist.eu und ihre Subdomains (\u201ediese Website\u201c) wird von Deciphera Pharmaceuticals AG (Schweiz) und ihren verbundenen Unternehmen [&hellip;]<\/p>\n","protected":false},"author":2,"featured_media":0,"parent":0,"menu_order":0,"comment_status":"closed","ping_status":"closed","template":"","meta":{"footnotes":""},"class_list":["post-5066","page","type-page","status-publish","hentry"],"yoast_head":"<!-- This site is optimized with the Yoast SEO plugin v26.9 - https:\/\/yoast.com\/product\/yoast-seo-wordpress\/ -->\n<title>Nutzungsbedingungen - Living with GIST<\/title>\n<meta name=\"robots\" content=\"noindex, nofollow\" \/>\n<meta property=\"og:locale\" content=\"de_DE\" \/>\n<meta property=\"og:type\" content=\"article\" \/>\n<meta property=\"og:title\" content=\"Nutzungsbedingungen - Living with GIST\" \/>\n<meta property=\"og:description\" content=\"Nutzungsbedingungen Willkommen auf www.Iivingwithgist.eu. Bitte lesen Sie die folgenden Nutzungsbedingungen (die \u201eNutzungsbedingungen\u201c) sorgf\u00e4ltig durch, bevor Sie diese Website nutzen. Ihre Nutzung dieser Website unterliegt den in diesen Nutzungsbedingungen enthaltenen Bedingungen und stellt deren Annahme dar. Allgemeines Diese Website unter www.livingwithgist.eu und ihre Subdomains (\u201ediese Website\u201c) wird von Deciphera Pharmaceuticals AG (Schweiz) und ihren verbundenen Unternehmen [&hellip;]\" \/>\n<meta property=\"og:url\" content=\"https:\/\/livingwithgist.eu\/de\/nutzungsbedingungen\/\" \/>\n<meta property=\"og:site_name\" content=\"Living with GIST\" \/>\n<meta property=\"article:modified_time\" content=\"2025-10-15T13:13:02+00:00\" \/>\n<meta name=\"twitter:card\" content=\"summary_large_image\" \/>\n<meta name=\"twitter:label1\" content=\"Gesch\u00e4tzte Lesezeit\" \/>\n\t<meta name=\"twitter:data1\" content=\"5\u00a0Minuten\" \/>\n<script type=\"application\/ld+json\" class=\"yoast-schema-graph\">{\"@context\":\"https:\/\/schema.org\",\"@graph\":[{\"@type\":\"WebPage\",\"@id\":\"https:\/\/livingwithgist.eu\/de\/nutzungsbedingungen\/\",\"url\":\"https:\/\/livingwithgist.eu\/de\/nutzungsbedingungen\/\",\"name\":\"Nutzungsbedingungen - Living with GIST\",\"isPartOf\":{\"@id\":\"https:\/\/livingwithgist.eu\/de\/#website\"},\"datePublished\":\"2025-06-19T08:06:39+00:00\",\"dateModified\":\"2025-10-15T13:13:02+00:00\",\"breadcrumb\":{\"@id\":\"https:\/\/livingwithgist.eu\/de\/nutzungsbedingungen\/#breadcrumb\"},\"inLanguage\":\"de\",\"potentialAction\":[{\"@type\":\"ReadAction\",\"target\":[\"https:\/\/livingwithgist.eu\/de\/nutzungsbedingungen\/\"]}]},{\"@type\":\"BreadcrumbList\",\"@id\":\"https:\/\/livingwithgist.eu\/de\/nutzungsbedingungen\/#breadcrumb\",\"itemListElement\":[{\"@type\":\"ListItem\",\"position\":1,\"name\":\"Home\",\"item\":\"https:\/\/livingwithgist.eu\/de\/\"},{\"@type\":\"ListItem\",\"position\":2,\"name\":\"Nutzungsbedingungen\"}]},{\"@type\":\"WebSite\",\"@id\":\"https:\/\/livingwithgist.eu\/de\/#website\",\"url\":\"https:\/\/livingwithgist.eu\/de\/\",\"name\":\"Living with GIST\",\"description\":\"\",\"publisher\":{\"@id\":\"https:\/\/livingwithgist.eu\/de\/#organization\"},\"potentialAction\":[{\"@type\":\"SearchAction\",\"target\":{\"@type\":\"EntryPoint\",\"urlTemplate\":\"https:\/\/livingwithgist.eu\/de\/?s={search_term_string}\"},\"query-input\":{\"@type\":\"PropertyValueSpecification\",\"valueRequired\":true,\"valueName\":\"search_term_string\"}}],\"inLanguage\":\"de\"},{\"@type\":\"Organization\",\"@id\":\"https:\/\/livingwithgist.eu\/de\/#organization\",\"name\":\"Living with GIST\",\"url\":\"https:\/\/livingwithgist.eu\/de\/\",\"logo\":{\"@type\":\"ImageObject\",\"inLanguage\":\"de\",\"@id\":\"https:\/\/livingwithgist.eu\/de\/#\/schema\/logo\/image\/\",\"url\":\"https:\/\/livingwithgist.eu\/wp-content\/uploads\/2025\/06\/logo.png\",\"contentUrl\":\"https:\/\/livingwithgist.eu\/wp-content\/uploads\/2025\/06\/logo.png\",\"width\":162,\"height\":84,\"caption\":\"Living with GIST\"},\"image\":{\"@id\":\"https:\/\/livingwithgist.eu\/de\/#\/schema\/logo\/image\/\"}}]}<\/script>\n<!-- \/ Yoast SEO plugin. -->","yoast_head_json":{"title":"Nutzungsbedingungen - Living with GIST","robots":{"index":"noindex","follow":"nofollow"},"og_locale":"de_DE","og_type":"article","og_title":"Nutzungsbedingungen - Living with GIST","og_description":"Nutzungsbedingungen Willkommen auf www.Iivingwithgist.eu. Bitte lesen Sie die folgenden Nutzungsbedingungen (die \u201eNutzungsbedingungen\u201c) sorgf\u00e4ltig durch, bevor Sie diese Website nutzen. Ihre Nutzung dieser Website unterliegt den in diesen Nutzungsbedingungen enthaltenen Bedingungen und stellt deren Annahme dar. Allgemeines Diese Website unter www.livingwithgist.eu und ihre Subdomains (\u201ediese Website\u201c) wird von Deciphera Pharmaceuticals AG (Schweiz) und ihren verbundenen Unternehmen [&hellip;]","og_url":"https:\/\/livingwithgist.eu\/de\/nutzungsbedingungen\/","og_site_name":"Living with GIST","article_modified_time":"2025-10-15T13:13:02+00:00","twitter_card":"summary_large_image","twitter_misc":{"Gesch\u00e4tzte Lesezeit":"5\u00a0Minuten"},"schema":{"@context":"https:\/\/schema.org","@graph":[{"@type":"WebPage","@id":"https:\/\/livingwithgist.eu\/de\/nutzungsbedingungen\/","url":"https:\/\/livingwithgist.eu\/de\/nutzungsbedingungen\/","name":"Nutzungsbedingungen - Living with GIST","isPartOf":{"@id":"https:\/\/livingwithgist.eu\/de\/#website"},"datePublished":"2025-06-19T08:06:39+00:00","dateModified":"2025-10-15T13:13:02+00:00","breadcrumb":{"@id":"https:\/\/livingwithgist.eu\/de\/nutzungsbedingungen\/#breadcrumb"},"inLanguage":"de","potentialAction":[{"@type":"ReadAction","target":["https:\/\/livingwithgist.eu\/de\/nutzungsbedingungen\/"]}]},{"@type":"BreadcrumbList","@id":"https:\/\/livingwithgist.eu\/de\/nutzungsbedingungen\/#breadcrumb","itemListElement":[{"@type":"ListItem","position":1,"name":"Home","item":"https:\/\/livingwithgist.eu\/de\/"},{"@type":"ListItem","position":2,"name":"Nutzungsbedingungen"}]},{"@type":"WebSite","@id":"https:\/\/livingwithgist.eu\/de\/#website","url":"https:\/\/livingwithgist.eu\/de\/","name":"Living with GIST","description":"","publisher":{"@id":"https:\/\/livingwithgist.eu\/de\/#organization"},"potentialAction":[{"@type":"SearchAction","target":{"@type":"EntryPoint","urlTemplate":"https:\/\/livingwithgist.eu\/de\/?s={search_term_string}"},"query-input":{"@type":"PropertyValueSpecification","valueRequired":true,"valueName":"search_term_string"}}],"inLanguage":"de"},{"@type":"Organization","@id":"https:\/\/livingwithgist.eu\/de\/#organization","name":"Living with GIST","url":"https:\/\/livingwithgist.eu\/de\/","logo":{"@type":"ImageObject","inLanguage":"de","@id":"https:\/\/livingwithgist.eu\/de\/#\/schema\/logo\/image\/","url":"https:\/\/livingwithgist.eu\/wp-content\/uploads\/2025\/06\/logo.png","contentUrl":"https:\/\/livingwithgist.eu\/wp-content\/uploads\/2025\/06\/logo.png","width":162,"height":84,"caption":"Living with GIST"},"image":{"@id":"https:\/\/livingwithgist.eu\/de\/#\/schema\/logo\/image\/"}}]}},"_links":{"self":[{"href":"https:\/\/livingwithgist.eu\/de\/wp-json\/wp\/v2\/pages\/5066","targetHints":{"allow":["GET"]}}],"collection":[{"href":"https:\/\/livingwithgist.eu\/de\/wp-json\/wp\/v2\/pages"}],"about":[{"href":"https:\/\/livingwithgist.eu\/de\/wp-json\/wp\/v2\/types\/page"}],"author":[{"embeddable":true,"href":"https:\/\/livingwithgist.eu\/de\/wp-json\/wp\/v2\/users\/2"}],"replies":[{"embeddable":true,"href":"https:\/\/livingwithgist.eu\/de\/wp-json\/wp\/v2\/comments?post=5066"}],"version-history":[{"count":1,"href":"https:\/\/livingwithgist.eu\/de\/wp-json\/wp\/v2\/pages\/5066\/revisions"}],"predecessor-version":[{"id":5067,"href":"https:\/\/livingwithgist.eu\/de\/wp-json\/wp\/v2\/pages\/5066\/revisions\/5067"}],"wp:attachment":[{"href":"https:\/\/livingwithgist.eu\/de\/wp-json\/wp\/v2\/media?parent=5066"}],"curies":[{"name":"wp","href":"https:\/\/api.w.org\/{rel}","templated":true}]}}