{"id":4659,"date":"2025-06-19T08:06:39","date_gmt":"2025-06-19T08:06:39","guid":{"rendered":"https:\/\/livingwithgist.eu\/condiciones-de-uso\/"},"modified":"2025-10-17T08:51:38","modified_gmt":"2025-10-17T08:51:38","slug":"condiciones-de-uso","status":"publish","type":"page","link":"https:\/\/livingwithgist.eu\/es\/condiciones-de-uso\/","title":{"rendered":"Condiciones de uso"},"content":{"rendered":"\t\t<div data-elementor-type=\"wp-page\" data-elementor-id=\"4659\" class=\"elementor elementor-4659 elementor-37\" data-elementor-post-type=\"page\">\n\t\t\t\t<div class=\"elementor-element elementor-element-3f7d33b e-con-full e-flex e-con e-parent\" data-id=\"3f7d33b\" data-element_type=\"container\" data-e-type=\"container\" data-settings=\"{&quot;background_background&quot;:&quot;classic&quot;}\">\n\t\t\t\t<div class=\"elementor-element elementor-element-0d3b085 elementor-widget elementor-widget-heading\" data-id=\"0d3b085\" data-element_type=\"widget\" data-e-type=\"widget\" data-widget_type=\"heading.default\">\n\t\t\t\t<div class=\"elementor-widget-container\">\n\t\t\t\t\t<h1 class=\"elementor-heading-title elementor-size-default\">Condiciones de uso<\/h1>\t\t\t\t<\/div>\n\t\t\t\t<\/div>\n\t\t\t\t<\/div>\n\t\t<div class=\"elementor-element elementor-element-d32f5bd e-con-full e-flex e-con e-parent\" data-id=\"d32f5bd\" data-element_type=\"container\" data-e-type=\"container\">\n\t\t<div class=\"elementor-element elementor-element-818841f e-con-full e-flex e-con e-child\" data-id=\"818841f\" data-element_type=\"container\" data-e-type=\"container\">\n\t\t\t\t<div class=\"elementor-element elementor-element-9dfbdf6 elementor-widget elementor-widget-text-editor\" data-id=\"9dfbdf6\" data-element_type=\"widget\" data-e-type=\"widget\" data-widget_type=\"text-editor.default\">\n\t\t\t\t<div class=\"elementor-widget-container\">\n\t\t\t\t\t\t\t\t\tLe damos la bienvenida a www.livingwithgist.eu. \nLea atentamente las siguientes condiciones de uso (las \u00abCondiciones de uso\u00bb) antes de utilizar este sitio web. El uso que haga de este sitio web se regir\u00e1 por las condiciones incluidas en estas Condiciones de uso y constituir\u00e1 su aceptaci\u00f3n. \t\t\t\t\t\t\t\t<\/div>\n\t\t\t\t<\/div>\n\t\t\t\t<div class=\"elementor-element elementor-element-1803746 elementor-widget elementor-widget-heading\" data-id=\"1803746\" data-element_type=\"widget\" data-e-type=\"widget\" data-widget_type=\"heading.default\">\n\t\t\t\t<div class=\"elementor-widget-container\">\n\t\t\t\t\t<h3 class=\"elementor-heading-title elementor-size-default\">Generalidades<\/h3>\t\t\t\t<\/div>\n\t\t\t\t<\/div>\n\t\t\t\t<div class=\"elementor-element elementor-element-4a1b82a elementor-widget elementor-widget-text-editor\" data-id=\"4a1b82a\" data-element_type=\"widget\" data-e-type=\"widget\" data-widget_type=\"text-editor.default\">\n\t\t\t\t<div class=\"elementor-widget-container\">\n\t\t\t\t\t\t\t\t\t<p>Deciphera Pharmaceuticals AG (Suiza) y sus empresas afiliadas (en lo sucesivo denominadas colectivamente \u00abDeciphera\u00bb, \u00abnosotros\u00bb, \u00abnos\u00bb, \u00abnuestro\u00bb) proporcionan este sitio web en www.livingwithgist.eu y sus subdominios (\u00abeste sitio web\u00bb) para la conveniencia de los visitantes de nuestro sitio web. Nada de lo que aparezca en este sitio web podr\u00e1 interpretarse como una oferta constitutiva de contrato vinculante, una concesi\u00f3n de una licencia o una transferencia de propiedad intelectual. <br>La informaci\u00f3n que contiene solo pretende concienciar sobre la enfermedad y <br>tiene un car\u00e1cter meramente informativo. No proporcionamos asesoramiento sobre diagn\u00f3sticos ni tratamientos m\u00e9dicos a trav\u00e9s de este sitio web. Adem\u00e1s, la informaci\u00f3n presentada no se deber\u00e1 interpretar como asesoramiento ni como un servicio m\u00e9dico. No se ha elaborado para usarla en el diagn\u00f3stico de problemas de salud o enfermedades. Deciphera no garantiza la exactitud de esta informaci\u00f3n. Quienes busquen un diagn\u00f3stico o un tratamiento, o tengan preguntas espec\u00edficas sobre su salud o un posible tratamiento, deber\u00e1n consultar a su proveedor de atenci\u00f3n sanitaria     <br><br>Sin perjuicio de cualquier otra disposici\u00f3n del presente, Deciphera se reserva el derecho, en caso de incumplimiento de estas Condiciones de uso, a proteger sus derechos, propiedades e intereses en la medida que la ley lo permita.<\/p>\t\t\t\t\t\t\t\t<\/div>\n\t\t\t\t<\/div>\n\t\t\t\t<div class=\"elementor-element elementor-element-7a0ab94 elementor-widget elementor-widget-heading\" data-id=\"7a0ab94\" data-element_type=\"widget\" data-e-type=\"widget\" data-widget_type=\"heading.default\">\n\t\t\t\t<div class=\"elementor-widget-container\">\n\t\t\t\t\t<h3 class=\"elementor-heading-title elementor-size-default\">Derechos de autor y marcas comerciales<\/h3>\t\t\t\t<\/div>\n\t\t\t\t<\/div>\n\t\t\t\t<div class=\"elementor-element elementor-element-ee8e24f elementor-widget elementor-widget-text-editor\" data-id=\"ee8e24f\" data-element_type=\"widget\" data-e-type=\"widget\" data-widget_type=\"text-editor.default\">\n\t\t\t\t<div class=\"elementor-widget-container\">\n\t\t\t\t\t\t\t\t\t<div id=\"message-list_1758209321.104459\" class=\"c-virtual_list__item\" tabindex=\"0\" role=\"listitem\" aria-setsize=\"-1\" data-qa=\"virtual-list-item\" data-item-key=\"1758209321.104459\"><div class=\"c-message_kit__background c-message_kit__background--hovered p-message_pane_message__message c-message_kit__message\" role=\"presentation\" data-qa=\"message_container\" data-qa-unprocessed=\"false\" data-qa-placeholder=\"false\"><div class=\"c-message_kit__hover c-message_kit__hover--hovered\" role=\"document\" aria-roledescription=\"messaggio\" data-qa-hover=\"true\"><div class=\"c-message_kit__actions c-message_kit__actions--default\"><div class=\"c-message_kit__gutter\"><div class=\"c-message_kit__gutter__right\" role=\"presentation\" data-qa=\"message_content\"><div class=\"c-message_kit__blocks c-message_kit__blocks--rich_text\"><div class=\"c-message__message_blocks c-message__message_blocks--rich_text\" data-qa=\"message-text\"><div class=\"p-block_kit_renderer\" data-qa=\"block-kit-renderer\"><div class=\"p-block_kit_renderer__block_wrapper p-block_kit_renderer__block_wrapper--first\"><div class=\"p-rich_text_block\" dir=\"auto\"><div class=\"p-rich_text_section\">Este sitio web, incluida la informaci\u00f3n que contiene, es propiedad de Deciphera y de sus filiales y licenciatarios (si no se indica lo contrario especificando que es propiedad de un tercero) y est\u00e1 protegido contra la copia y la difusi\u00f3n no autorizadas por la legislaci\u00f3n relativa a los derechos de autor europea y estadounidense, convenios internacionales y otras leyes de propiedad intelectual. Todas las marcas comerciales y los logotipos que aparecen en este sitio web son propiedad de los propietarios correspondientes. Nada de este sitio podr\u00e1 interpretarse como la concesi\u00f3n de una licencia o un derecho sobre cualquier marca registrada, logotipo, imagen u otro derecho de propiedad intelectual. Todos los derechos quedar\u00e1n reservados a los propietarios de cada marca comercial, marca de servicio, logotipo, imagen u otra propiedad intelectual, salvo que se indique lo contrario en estas Condiciones de uso.   <\/div><\/div><\/div><\/div><\/div><\/div><\/div><\/div><\/div><\/div><\/div><\/div>\t\t\t\t\t\t\t\t<\/div>\n\t\t\t\t<\/div>\n\t\t\t\t<div class=\"elementor-element elementor-element-2054d7c elementor-widget elementor-widget-heading\" data-id=\"2054d7c\" data-element_type=\"widget\" data-e-type=\"widget\" data-widget_type=\"heading.default\">\n\t\t\t\t<div class=\"elementor-widget-container\">\n\t\t\t\t\t<h3 class=\"elementor-heading-title elementor-size-default\">Privacidad<\/h3>\t\t\t\t<\/div>\n\t\t\t\t<\/div>\n\t\t\t\t<div class=\"elementor-element elementor-element-88b9182 elementor-widget elementor-widget-text-editor\" data-id=\"88b9182\" data-element_type=\"widget\" data-e-type=\"widget\" data-widget_type=\"text-editor.default\">\n\t\t\t\t<div class=\"elementor-widget-container\">\n\t\t\t\t\t\t\t\t\tEl uso que haga de este sitio web, as\u00ed como de cualquier informaci\u00f3n (incluidos, entre otros, los datos personales) que env\u00ede a Deciphera a trav\u00e9s de este sitio web o en relaci\u00f3n con \u00e9l, se regir\u00e1 por la Pol\u00edtica de privacidad de Deciphera, disponible a trav\u00e9s de este sitio web. Nuestra Pol\u00edtica de privacidad se incorpora mediante referencia a estos T\u00e9rminos de uso. \nLa persona que env\u00ede la informaci\u00f3n a Deciphera ser\u00e1 la \u00fanica responsable de su contenido, lo que incluye, entre otros aspectos, su exactitud, su veracidad y la no infracci\u00f3n de los derechos legales de cualquier otra persona. \t\t\t\t\t\t\t\t<\/div>\n\t\t\t\t<\/div>\n\t\t\t\t<div class=\"elementor-element elementor-element-6e1446b elementor-widget elementor-widget-heading\" data-id=\"6e1446b\" data-element_type=\"widget\" data-e-type=\"widget\" data-widget_type=\"heading.default\">\n\t\t\t\t<div class=\"elementor-widget-container\">\n\t\t\t\t\t<h3 class=\"elementor-heading-title elementor-size-default\">Informaci\u00f3n fechada<\/h3>\t\t\t\t<\/div>\n\t\t\t\t<\/div>\n\t\t\t\t<div class=\"elementor-element elementor-element-385d530 elementor-widget elementor-widget-text-editor\" data-id=\"385d530\" data-element_type=\"widget\" data-e-type=\"widget\" data-widget_type=\"text-editor.default\">\n\t\t\t\t<div class=\"elementor-widget-container\">\n\t\t\t\t\t\t\t\t\tAunque Deciphera podr\u00e1 actualizar o corregir regularmente la informaci\u00f3n de este sitio web, dicha informaci\u00f3n podr\u00eda incluir errores tipogr\u00e1ficos, imprecisiones t\u00e9cnicas u omisiones. Deciphera no ofrece ninguna declaraci\u00f3n o garant\u00eda relativa a la exactitud de la informaci\u00f3n de este sitio web y renuncia expresamente a cualquier obligaci\u00f3n de actualizarla. Deciphera tambi\u00e9n se reserva el derecho a a\u00f1adir datos o suprimir o modificar cualquier informaci\u00f3n en cualquier momento y en el futuro sin previo aviso.  \t\t\t\t\t\t\t\t<\/div>\n\t\t\t\t<\/div>\n\t\t\t\t<div class=\"elementor-element elementor-element-d6d402c elementor-widget elementor-widget-heading\" data-id=\"d6d402c\" data-element_type=\"widget\" data-e-type=\"widget\" data-widget_type=\"heading.default\">\n\t\t\t\t<div class=\"elementor-widget-container\">\n\t\t\t\t\t<h3 class=\"elementor-heading-title elementor-size-default\">Enlaces a otros sitios web<\/h3>\t\t\t\t<\/div>\n\t\t\t\t<\/div>\n\t\t\t\t<div class=\"elementor-element elementor-element-3227a92 elementor-widget elementor-widget-text-editor\" data-id=\"3227a92\" data-element_type=\"widget\" data-e-type=\"widget\" data-widget_type=\"text-editor.default\">\n\t\t\t\t<div class=\"elementor-widget-container\">\n\t\t\t\t\t\t\t\t\tEste sitio web contiene enlaces a sitios web mantenidos por Atenci\u00f3n Sanitaria y otra organizaci\u00f3n, as\u00ed como a autoridades y mapas de salud p\u00fablica. \nDeciphera le proporciona estos enlaces \u00fanicamente para su comodidad. La inclusi\u00f3n de un enlace no implica que Deciphera respalde un sitio web de terceros o una empresa o un producto de terceros. Deciphera no tiene ning\u00fan control sobre el contenido de los sitios web de terceros y no asume ninguna responsabilidad por su funcionalidad ni por la exactitud de la informaci\u00f3n que presenten.  \t\t\t\t\t\t\t\t<\/div>\n\t\t\t\t<\/div>\n\t\t\t\t<div class=\"elementor-element elementor-element-412feed elementor-widget elementor-widget-heading\" data-id=\"412feed\" data-element_type=\"widget\" data-e-type=\"widget\" data-widget_type=\"heading.default\">\n\t\t\t\t<div class=\"elementor-widget-container\">\n\t\t\t\t\t<h3 class=\"elementor-heading-title elementor-size-default\">Enlaces a este sitio web<\/h3>\t\t\t\t<\/div>\n\t\t\t\t<\/div>\n\t\t\t\t<div class=\"elementor-element elementor-element-c741f65 elementor-widget elementor-widget-text-editor\" data-id=\"c741f65\" data-element_type=\"widget\" data-e-type=\"widget\" data-widget_type=\"text-editor.default\">\n\t\t\t\t<div class=\"elementor-widget-container\">\n\t\t\t\t\t\t\t\t\tLos enlaces que remitan a cualquier documento publicado por Deciphera en este sitio web solo podr\u00e1n dirigir a la p\u00e1gina de inicio, sin eliminar ning\u00fan marco ni nuestra direcci\u00f3n URL.\t\t\t\t\t\t\t\t<\/div>\n\t\t\t\t<\/div>\n\t\t\t\t<div class=\"elementor-element elementor-element-4bdf04e elementor-widget__width-initial elementor-widget elementor-widget-text-editor\" data-id=\"4bdf04e\" data-element_type=\"widget\" data-e-type=\"widget\" data-widget_type=\"text-editor.default\">\n\t\t\t\t<div class=\"elementor-widget-container\">\n\t\t\t\t\t\t\t\t\t<p>SIN GARANT\u00cdAS. ESTE SITIO WEB Y LA INFORMACI\u00d3N DE ESTE SITIO WEB O ACCESIBLE DESDE ESTE SE PROPORCIONAN \u00abTAL CUAL\u00bb SIN GARANT\u00cdAS DE NING\u00daN TIPO, NI EXPRESAS NI IMPL\u00cdCITAS, LO QUE INCLUYE, ENTRE OTRAS, LAS GARANT\u00cdAS IMPL\u00cdCITAS DE COMERCIABILIDAD, IDONEIDAD PARA UN PROP\u00d3SITO EN PARTICULAR Y NO INCUMPLIMIENTO. <br>ESPEC\u00cdFICAMENTE, DECIPHERA NO GARANTIZA, ENTRE OTRAS CUESTIONES, QUE: (i) LA INFORMACI\u00d3N DISPONIBLE A TRAV\u00c9S DE ESTE SITIO WEB CAREZCA DE ERRORES; (ii) EL CONTENIDO, LAS FUNCIONES O LOS SERVICIOS PROPORCIONADOS POR ESTE SITIO WEB NO SE VEAN INTERRUMPIDOS, SEAN SEGUROS O CAREZCAN DE ERRORES; (iii) LOS DEFECTOS SEAN CORREGIDOS; O (iv) ESTE SITIO WEB O LOS SERVIDORES QUE PERMITEN QUE EST\u00c9 DISPONIBLE CAREZCAN DE VIRUS U OTROS COMPONENTES DA\u00d1INOS.     <\/p><p>DESCARGO DE RESPONSABILIDAD. DECIPHERA NO SER\u00c1 RESPONSABLE EN NING\u00daN CASO ANTE USTED, OTROS USUARIOS DE ESTE SITIO WEB, PROVEEDORES EXTERNOS O CUALQUIER OTRA PERSONA O ENTIDAD POR LOS DA\u00d1OS ESPECIALES, INCIDENTALES, PUNITIVOS, CONSECUENTES, O EJEMPLARES, NI POR OTROS DA\u00d1OS INDIRECTOS (INCLUIDOS, ENTRE OTROS, LOS DA\u00d1OS POR LUCRO CESANTE, P\u00c9RDIDA DE DATOS, P\u00c9RDIDA DE USO O COSTES DE OBTENCI\u00d3N DE BIENES O SERVICIOS SUSTITUTIVOS), DERIVADOS DEL USO DE ESTE SITIO WEB, DE LA INCAPACIDAD PARA USARLO, DE SU ACCESO O USO NO AUTORIZADOS O DE SU USO INDEBIDO, YA SE BASEN EN UNA GARANT\u00cdA, UN CONTRATO, UN AGRAVIO (INCLUIDA LA NEGLIGENCIA) O EN OTRA CUESTI\u00d3N, INCLUSO EN CASO DE QUE SE NOS HAYA INFORMADO DE LA POSIBILIDAD DE TALES DA\u00d1OS O P\u00c9RDIDAS. <\/p>\t\t\t\t\t\t\t\t<\/div>\n\t\t\t\t<\/div>\n\t\t\t\t<div class=\"elementor-element elementor-element-13a92d5 elementor-widget elementor-widget-heading\" data-id=\"13a92d5\" data-element_type=\"widget\" data-e-type=\"widget\" data-widget_type=\"heading.default\">\n\t\t\t\t<div class=\"elementor-widget-container\">\n\t\t\t\t\t<h3 class=\"elementor-heading-title elementor-size-default\">Legislaci\u00f3n aplicable<\/h3>\t\t\t\t<\/div>\n\t\t\t\t<\/div>\n\t\t\t\t<div class=\"elementor-element elementor-element-948d261 elementor-widget elementor-widget-text-editor\" data-id=\"948d261\" data-element_type=\"widget\" data-e-type=\"widget\" data-widget_type=\"text-editor.default\">\n\t\t\t\t<div class=\"elementor-widget-container\">\n\t\t\t\t\t\t\t\t\tSe puede acceder a este sitio web en todo el mundo. Al acceder a este sitio web, Deciphera y usted aceptan que las leyes de Suiza, con independencia de sus principios sobre los conflictos legislativos, se aplicar\u00e1n a todas las disputas derivadas del uso de este sitio web por su parte o de cualquier informaci\u00f3n que contenga, o que surjan o tengan que ver con estas cuestiones. Con respecto a dichas disputas, Deciphera y  \n\nusted tambi\u00e9n aceptan por el presente someterse a la jurisdicci\u00f3n exclusiva de los tribunales de Suiza.\t\t\t\t\t\t\t\t<\/div>\n\t\t\t\t<\/div>\n\t\t\t\t<div class=\"elementor-element elementor-element-23f797f elementor-widget elementor-widget-heading\" data-id=\"23f797f\" data-element_type=\"widget\" data-e-type=\"widget\" data-widget_type=\"heading.default\">\n\t\t\t\t<div class=\"elementor-widget-container\">\n\t\t\t\t\t<h3 class=\"elementor-heading-title elementor-size-default\">Disposiciones varias<\/h3>\t\t\t\t<\/div>\n\t\t\t\t<\/div>\n\t\t\t\t<div class=\"elementor-element elementor-element-3d87fb8 elementor-widget elementor-widget-text-editor\" data-id=\"3d87fb8\" data-element_type=\"widget\" data-e-type=\"widget\" data-widget_type=\"text-editor.default\">\n\t\t\t\t<div class=\"elementor-widget-container\">\n\t\t\t\t\t\t\t\t\tNo podr\u00e1 ceder ni transferir sus derechos u obligaciones de acuerdo con estas Condiciones de uso, ni en su totalidad ni en parte, a ning\u00fan tercero sin nuestro consentimiento. Estas Condiciones de uso ser\u00e1n vinculantes y redundar\u00e1n en beneficio de sus partes y de sus respectivos sucesores y cesionarios autorizados. \t\t\t\t\t\t\t\t<\/div>\n\t\t\t\t<\/div>\n\t\t\t\t<div class=\"elementor-element elementor-element-cafd0f3 elementor-widget elementor-widget-heading\" data-id=\"cafd0f3\" data-element_type=\"widget\" data-e-type=\"widget\" data-widget_type=\"heading.default\">\n\t\t\t\t<div class=\"elementor-widget-container\">\n\t\t\t\t\t<h3 class=\"elementor-heading-title elementor-size-default\">Cambios en este aviso<\/h3>\t\t\t\t<\/div>\n\t\t\t\t<\/div>\n\t\t\t\t<div class=\"elementor-element elementor-element-268a55a elementor-widget elementor-widget-text-editor\" data-id=\"268a55a\" data-element_type=\"widget\" data-e-type=\"widget\" data-widget_type=\"text-editor.default\">\n\t\t\t\t<div class=\"elementor-widget-container\">\n\t\t\t\t\t\t\t\t\tDeciphera se reserva el derecho a cambiar estas Condiciones de uso en el futuro por cualquier motivo. Dichos cambios se efectuar\u00e1n publicando las Condiciones de uso actualizadas en este sitio web, siempre que dichos cambios solo se apliquen al uso que haga de este sitio web despu\u00e9s de la fecha de los cambios, a menos que acepte expresamente su aplicaci\u00f3n retroactiva a trav\u00e9s de un acuerdo clicable, un acuerdo firmado o de otro modo. \t\t\t\t\t\t\t\t<\/div>\n\t\t\t\t<\/div>\n\t\t\t\t<div class=\"elementor-element elementor-element-4982771 elementor-widget elementor-widget-text-editor\" data-id=\"4982771\" data-element_type=\"widget\" data-e-type=\"widget\" data-widget_type=\"text-editor.default\">\n\t\t\t\t<div class=\"elementor-widget-container\">\n\t\t\t\t\t\t\t\t\t<p>Copyright \u00a9 2025 Deciphera Pharmaceuticals, Inc. y el logotipo de Deciphera son marcas comerciales registradas de Deciphera Pharmaceuticals, LLC. <br><br>Actualizado en julio de 2025<\/p>\t\t\t\t\t\t\t\t<\/div>\n\t\t\t\t<\/div>\n\t\t\t\t<\/div>\n\t\t\t\t<\/div>\n\t\t\t\t<\/div>\n\t\t","protected":false},"excerpt":{"rendered":"<p>Condiciones de uso Le damos la bienvenida a www.livingwithgist.eu. Lea atentamente las siguientes condiciones de uso (las \u00abCondiciones de uso\u00bb) antes de utilizar este sitio web. El uso que haga de este sitio web se regir\u00e1 por las condiciones incluidas en estas Condiciones de uso y constituir\u00e1 su aceptaci\u00f3n. Generalidades Deciphera Pharmaceuticals AG (Suiza) y [&hellip;]<\/p>\n","protected":false},"author":2,"featured_media":0,"parent":0,"menu_order":0,"comment_status":"closed","ping_status":"closed","template":"","meta":{"footnotes":""},"class_list":["post-4659","page","type-page","status-publish","hentry"],"yoast_head":"<!-- This site is optimized with the Yoast SEO plugin v26.9 - https:\/\/yoast.com\/product\/yoast-seo-wordpress\/ -->\n<title>Condiciones de uso - Living with GIST<\/title>\n<meta name=\"robots\" content=\"noindex, nofollow\" \/>\n<meta property=\"og:locale\" content=\"es_ES\" \/>\n<meta property=\"og:type\" content=\"article\" \/>\n<meta property=\"og:title\" content=\"Condiciones de uso - Living with GIST\" \/>\n<meta property=\"og:description\" content=\"Condiciones de uso Le damos la bienvenida a www.livingwithgist.eu. Lea atentamente las siguientes condiciones de uso (las \u00abCondiciones de uso\u00bb) antes de utilizar este sitio web. El uso que haga de este sitio web se regir\u00e1 por las condiciones incluidas en estas Condiciones de uso y constituir\u00e1 su aceptaci\u00f3n. Generalidades Deciphera Pharmaceuticals AG (Suiza) y [&hellip;]\" \/>\n<meta property=\"og:url\" content=\"https:\/\/livingwithgist.eu\/es\/condiciones-de-uso\/\" \/>\n<meta property=\"og:site_name\" content=\"Living with GIST\" \/>\n<meta property=\"article:modified_time\" content=\"2025-10-17T08:51:38+00:00\" \/>\n<meta name=\"twitter:card\" content=\"summary_large_image\" \/>\n<meta name=\"twitter:label1\" content=\"Tiempo de lectura\" \/>\n\t<meta name=\"twitter:data1\" content=\"6 minutos\" \/>\n<script type=\"application\/ld+json\" class=\"yoast-schema-graph\">{\"@context\":\"https:\/\/schema.org\",\"@graph\":[{\"@type\":\"WebPage\",\"@id\":\"https:\/\/livingwithgist.eu\/es\/condiciones-de-uso\/\",\"url\":\"https:\/\/livingwithgist.eu\/es\/condiciones-de-uso\/\",\"name\":\"Condiciones de uso - Living with GIST\",\"isPartOf\":{\"@id\":\"https:\/\/livingwithgist.eu\/es\/#website\"},\"datePublished\":\"2025-06-19T08:06:39+00:00\",\"dateModified\":\"2025-10-17T08:51:38+00:00\",\"breadcrumb\":{\"@id\":\"https:\/\/livingwithgist.eu\/es\/condiciones-de-uso\/#breadcrumb\"},\"inLanguage\":\"es\",\"potentialAction\":[{\"@type\":\"ReadAction\",\"target\":[\"https:\/\/livingwithgist.eu\/es\/condiciones-de-uso\/\"]}]},{\"@type\":\"BreadcrumbList\",\"@id\":\"https:\/\/livingwithgist.eu\/es\/condiciones-de-uso\/#breadcrumb\",\"itemListElement\":[{\"@type\":\"ListItem\",\"position\":1,\"name\":\"Home\",\"item\":\"https:\/\/livingwithgist.eu\/es\/\"},{\"@type\":\"ListItem\",\"position\":2,\"name\":\"Condiciones de uso\"}]},{\"@type\":\"WebSite\",\"@id\":\"https:\/\/livingwithgist.eu\/es\/#website\",\"url\":\"https:\/\/livingwithgist.eu\/es\/\",\"name\":\"Living with GIST\",\"description\":\"\",\"publisher\":{\"@id\":\"https:\/\/livingwithgist.eu\/es\/#organization\"},\"potentialAction\":[{\"@type\":\"SearchAction\",\"target\":{\"@type\":\"EntryPoint\",\"urlTemplate\":\"https:\/\/livingwithgist.eu\/es\/?s={search_term_string}\"},\"query-input\":{\"@type\":\"PropertyValueSpecification\",\"valueRequired\":true,\"valueName\":\"search_term_string\"}}],\"inLanguage\":\"es\"},{\"@type\":\"Organization\",\"@id\":\"https:\/\/livingwithgist.eu\/es\/#organization\",\"name\":\"Living with GIST\",\"url\":\"https:\/\/livingwithgist.eu\/es\/\",\"logo\":{\"@type\":\"ImageObject\",\"inLanguage\":\"es\",\"@id\":\"https:\/\/livingwithgist.eu\/es\/#\/schema\/logo\/image\/\",\"url\":\"https:\/\/livingwithgist.eu\/wp-content\/uploads\/2025\/06\/logo.png\",\"contentUrl\":\"https:\/\/livingwithgist.eu\/wp-content\/uploads\/2025\/06\/logo.png\",\"width\":162,\"height\":84,\"caption\":\"Living with GIST\"},\"image\":{\"@id\":\"https:\/\/livingwithgist.eu\/es\/#\/schema\/logo\/image\/\"}}]}<\/script>\n<!-- \/ Yoast SEO plugin. -->","yoast_head_json":{"title":"Condiciones de uso - Living with GIST","robots":{"index":"noindex","follow":"nofollow"},"og_locale":"es_ES","og_type":"article","og_title":"Condiciones de uso - Living with GIST","og_description":"Condiciones de uso Le damos la bienvenida a www.livingwithgist.eu. Lea atentamente las siguientes condiciones de uso (las \u00abCondiciones de uso\u00bb) antes de utilizar este sitio web. El uso que haga de este sitio web se regir\u00e1 por las condiciones incluidas en estas Condiciones de uso y constituir\u00e1 su aceptaci\u00f3n. Generalidades Deciphera Pharmaceuticals AG (Suiza) y [&hellip;]","og_url":"https:\/\/livingwithgist.eu\/es\/condiciones-de-uso\/","og_site_name":"Living with GIST","article_modified_time":"2025-10-17T08:51:38+00:00","twitter_card":"summary_large_image","twitter_misc":{"Tiempo de lectura":"6 minutos"},"schema":{"@context":"https:\/\/schema.org","@graph":[{"@type":"WebPage","@id":"https:\/\/livingwithgist.eu\/es\/condiciones-de-uso\/","url":"https:\/\/livingwithgist.eu\/es\/condiciones-de-uso\/","name":"Condiciones de uso - Living with GIST","isPartOf":{"@id":"https:\/\/livingwithgist.eu\/es\/#website"},"datePublished":"2025-06-19T08:06:39+00:00","dateModified":"2025-10-17T08:51:38+00:00","breadcrumb":{"@id":"https:\/\/livingwithgist.eu\/es\/condiciones-de-uso\/#breadcrumb"},"inLanguage":"es","potentialAction":[{"@type":"ReadAction","target":["https:\/\/livingwithgist.eu\/es\/condiciones-de-uso\/"]}]},{"@type":"BreadcrumbList","@id":"https:\/\/livingwithgist.eu\/es\/condiciones-de-uso\/#breadcrumb","itemListElement":[{"@type":"ListItem","position":1,"name":"Home","item":"https:\/\/livingwithgist.eu\/es\/"},{"@type":"ListItem","position":2,"name":"Condiciones de uso"}]},{"@type":"WebSite","@id":"https:\/\/livingwithgist.eu\/es\/#website","url":"https:\/\/livingwithgist.eu\/es\/","name":"Living with GIST","description":"","publisher":{"@id":"https:\/\/livingwithgist.eu\/es\/#organization"},"potentialAction":[{"@type":"SearchAction","target":{"@type":"EntryPoint","urlTemplate":"https:\/\/livingwithgist.eu\/es\/?s={search_term_string}"},"query-input":{"@type":"PropertyValueSpecification","valueRequired":true,"valueName":"search_term_string"}}],"inLanguage":"es"},{"@type":"Organization","@id":"https:\/\/livingwithgist.eu\/es\/#organization","name":"Living with GIST","url":"https:\/\/livingwithgist.eu\/es\/","logo":{"@type":"ImageObject","inLanguage":"es","@id":"https:\/\/livingwithgist.eu\/es\/#\/schema\/logo\/image\/","url":"https:\/\/livingwithgist.eu\/wp-content\/uploads\/2025\/06\/logo.png","contentUrl":"https:\/\/livingwithgist.eu\/wp-content\/uploads\/2025\/06\/logo.png","width":162,"height":84,"caption":"Living with GIST"},"image":{"@id":"https:\/\/livingwithgist.eu\/es\/#\/schema\/logo\/image\/"}}]}},"_links":{"self":[{"href":"https:\/\/livingwithgist.eu\/es\/wp-json\/wp\/v2\/pages\/4659","targetHints":{"allow":["GET"]}}],"collection":[{"href":"https:\/\/livingwithgist.eu\/es\/wp-json\/wp\/v2\/pages"}],"about":[{"href":"https:\/\/livingwithgist.eu\/es\/wp-json\/wp\/v2\/types\/page"}],"author":[{"embeddable":true,"href":"https:\/\/livingwithgist.eu\/es\/wp-json\/wp\/v2\/users\/2"}],"replies":[{"embeddable":true,"href":"https:\/\/livingwithgist.eu\/es\/wp-json\/wp\/v2\/comments?post=4659"}],"version-history":[{"count":1,"href":"https:\/\/livingwithgist.eu\/es\/wp-json\/wp\/v2\/pages\/4659\/revisions"}],"predecessor-version":[{"id":4660,"href":"https:\/\/livingwithgist.eu\/es\/wp-json\/wp\/v2\/pages\/4659\/revisions\/4660"}],"wp:attachment":[{"href":"https:\/\/livingwithgist.eu\/es\/wp-json\/wp\/v2\/media?parent=4659"}],"curies":[{"name":"wp","href":"https:\/\/api.w.org\/{rel}","templated":true}]}}