{"id":5170,"date":"2025-06-19T08:06:39","date_gmt":"2025-06-19T08:06:39","guid":{"rendered":"https:\/\/livingwithgist.eu\/termini-e-condizioni\/"},"modified":"2025-10-17T08:48:21","modified_gmt":"2025-10-17T08:48:21","slug":"termini-e-condizioni","status":"publish","type":"page","link":"https:\/\/livingwithgist.eu\/it\/termini-e-condizioni\/","title":{"rendered":"Termini e condizioni"},"content":{"rendered":"\t\t<div data-elementor-type=\"wp-page\" data-elementor-id=\"5170\" class=\"elementor elementor-5170 elementor-37\" data-elementor-post-type=\"page\">\n\t\t\t\t<div class=\"elementor-element elementor-element-3f7d33b e-con-full e-flex e-con e-parent\" data-id=\"3f7d33b\" data-element_type=\"container\" data-e-type=\"container\" data-settings=\"{&quot;background_background&quot;:&quot;classic&quot;}\">\n\t\t\t\t<div class=\"elementor-element elementor-element-0d3b085 elementor-widget elementor-widget-heading\" data-id=\"0d3b085\" data-element_type=\"widget\" data-e-type=\"widget\" data-widget_type=\"heading.default\">\n\t\t\t\t<div class=\"elementor-widget-container\">\n\t\t\t\t\t<h1 class=\"elementor-heading-title elementor-size-default\">Termini e condizioni<\/h1>\t\t\t\t<\/div>\n\t\t\t\t<\/div>\n\t\t\t\t<\/div>\n\t\t<div class=\"elementor-element elementor-element-d32f5bd e-con-full e-flex e-con e-parent\" data-id=\"d32f5bd\" data-element_type=\"container\" data-e-type=\"container\">\n\t\t<div class=\"elementor-element elementor-element-818841f e-con-full e-flex e-con e-child\" data-id=\"818841f\" data-element_type=\"container\" data-e-type=\"container\">\n\t\t\t\t<div class=\"elementor-element elementor-element-9dfbdf6 elementor-widget elementor-widget-text-editor\" data-id=\"9dfbdf6\" data-element_type=\"widget\" data-e-type=\"widget\" data-widget_type=\"text-editor.default\">\n\t\t\t\t<div class=\"elementor-widget-container\">\n\t\t\t\t\t\t\t\t\tBenvenuti su www.livingwithgist.eu. \nSi prega di leggere attentamente i seguenti termini e condizioni d&#8217;uso (i &#8220;Termini d&#8217;uso&#8221;) prima di utilizzare questo sito web. L&#8217;utilizzo di questo sito web \u00e8 soggetto alle condizioni incluse nei presenti Termini d&#8217;uso e ne costituisce l&#8217;accettazione. \t\t\t\t\t\t\t\t<\/div>\n\t\t\t\t<\/div>\n\t\t\t\t<div class=\"elementor-element elementor-element-1803746 elementor-widget elementor-widget-heading\" data-id=\"1803746\" data-element_type=\"widget\" data-e-type=\"widget\" data-widget_type=\"heading.default\">\n\t\t\t\t<div class=\"elementor-widget-container\">\n\t\t\t\t\t<h3 class=\"elementor-heading-title elementor-size-default\">Informazioni generali<\/h3>\t\t\t\t<\/div>\n\t\t\t\t<\/div>\n\t\t\t\t<div class=\"elementor-element elementor-element-4a1b82a elementor-widget elementor-widget-text-editor\" data-id=\"4a1b82a\" data-element_type=\"widget\" data-e-type=\"widget\" data-widget_type=\"text-editor.default\">\n\t\t\t\t<div class=\"elementor-widget-container\">\n\t\t\t\t\t\t\t\t\t<p>Il presente sito web all&#8217;indirizzo www.fivingwithgist.eu e i suoi sottodomini (&#8220;il presente sito web&#8221;) sono forniti da Deciphera Pharmaceuticals AG (Svizzera) e dalle sue societ\u00e0 affiliate (di seguito denominate collettivamente &#8220;Deciphera&#8221;, &#8220;noi&#8221;, &#8220;nostro&#8221;) per la comodit\u00e0 dei visitatori del nostro sito web. Nulla di quanto contenuto nel presente sito web deve essere interpretato come un&#8217;offerta per la stipula di un contratto vincolante, come concessione di alcuna licenza o come trasferimento di alcuna propriet\u00e0 intellettuale.\u2028<br>Le informazioni fornite su questo sito web sono destinate esclusivamente a scopi informativi generali sulle malattie. A scopo informativo e di sensibilizzazione. Non forniamo consulenza su diagnosi o trattamenti medici attraverso questo sito web e le informazioni presentate non devono essere interpretate come consulenza o servizi medici. Non sono destinate all&#8217;uso nella diagnosi di problemi di salute o malattie. Deciphera non garantisce l&#8217;accuratezza di queste informazioni. Le persone che necessitano di una diagnosi o di un trattamento, o che hanno domande specifiche sulla loro salute o su un&#8217;opzione terapeutica, devono sempre consultare il proprio medico curante.     <br><br>Fatta salva qualsiasi altra disposizione contenuta nel presente documento, Deciphera si riserva il diritto, in caso di violazione delle presenti Condizioni d&#8217;uso, di tutelare i propri diritti, propriet\u00e0 e interessi nella misura massima consentita dalla legge.<\/p>\t\t\t\t\t\t\t\t<\/div>\n\t\t\t\t<\/div>\n\t\t\t\t<div class=\"elementor-element elementor-element-7a0ab94 elementor-widget elementor-widget-heading\" data-id=\"7a0ab94\" data-element_type=\"widget\" data-e-type=\"widget\" data-widget_type=\"heading.default\">\n\t\t\t\t<div class=\"elementor-widget-container\">\n\t\t\t\t\t<h3 class=\"elementor-heading-title elementor-size-default\">Diritti d'autore e marchi commerciali<\/h3>\t\t\t\t<\/div>\n\t\t\t\t<\/div>\n\t\t\t\t<div class=\"elementor-element elementor-element-ee8e24f elementor-widget elementor-widget-text-editor\" data-id=\"ee8e24f\" data-element_type=\"widget\" data-e-type=\"widget\" data-widget_type=\"text-editor.default\">\n\t\t\t\t<div class=\"elementor-widget-container\">\n\t\t\t\t\t\t\t\t\t<div id=\"message-list_1758209321.104459\" class=\"c-virtual_list__item\" tabindex=\"0\" role=\"listitem\" aria-setsize=\"-1\" data-qa=\"virtual-list-item\" data-item-key=\"1758209321.104459\"><div class=\"c-message_kit__background c-message_kit__background--hovered p-message_pane_message__message c-message_kit__message\" role=\"presentation\" data-qa=\"message_container\" data-qa-unprocessed=\"false\" data-qa-placeholder=\"false\"><div class=\"c-message_kit__hover c-message_kit__hover--hovered\" role=\"document\" aria-roledescription=\"messaggio\" data-qa-hover=\"true\"><div class=\"c-message_kit__actions c-message_kit__actions--default\"><div class=\"c-message_kit__gutter\"><div class=\"c-message_kit__gutter__right\" role=\"presentation\" data-qa=\"message_content\"><div class=\"c-message_kit__blocks c-message_kit__blocks--rich_text\"><div class=\"c-message__message_blocks c-message__message_blocks--rich_text\" data-qa=\"message-text\"><div class=\"p-block_kit_renderer\" data-qa=\"block-kit-renderer\"><div class=\"p-block_kit_renderer__block_wrapper p-block_kit_renderer__block_wrapper--first\"><div class=\"p-rich_text_block\" dir=\"auto\"><div class=\"p-rich_text_section\">Il presente sito web e le informazioni in esso contenute sono di propriet\u00e0 di Deciphera e delle sue affiliate e licenziatari (salvo diversamente indicato come propriet\u00e0 di terzi) e sono protetti dalla copia e dalla diffusione non autorizzate dalle leggi sul copyright europee e statunitensi, dalle convenzioni internazionali e da altre leggi sulla propriet\u00e0 intellettuale. Tutti i marchi e i loghi che compaiono su questo sito web sono di propriet\u00e0 dei rispettivi titolari. Nulla di quanto contenuto nel presente sito web deve essere interpretato come concessione di licenze o diritti su marchi commerciali, loghi, immagini o altri diritti di propriet\u00e0 intellettuale. Tutti i diritti sono riservati ai proprietari di ciascun marchio commerciale, marchio di servizio, logo, immagine o altra propriet\u00e0 intellettuale, salvo quanto diversamente specificato nelle presenti Condizioni d&#8217;uso.   <\/div><\/div><\/div><\/div><\/div><\/div><\/div><\/div><\/div><\/div><\/div><\/div>\t\t\t\t\t\t\t\t<\/div>\n\t\t\t\t<\/div>\n\t\t\t\t<div class=\"elementor-element elementor-element-2054d7c elementor-widget elementor-widget-heading\" data-id=\"2054d7c\" data-element_type=\"widget\" data-e-type=\"widget\" data-widget_type=\"heading.default\">\n\t\t\t\t<div class=\"elementor-widget-container\">\n\t\t\t\t\t<h3 class=\"elementor-heading-title elementor-size-default\">Privacy<\/h3>\t\t\t\t<\/div>\n\t\t\t\t<\/div>\n\t\t\t\t<div class=\"elementor-element elementor-element-88b9182 elementor-widget elementor-widget-text-editor\" data-id=\"88b9182\" data-element_type=\"widget\" data-e-type=\"widget\" data-widget_type=\"text-editor.default\">\n\t\t\t\t<div class=\"elementor-widget-container\">\n\t\t\t\t\t\t\t\t\tL&#8217;utilizzo di questo sito web e qualsiasi informazione (incluse, senza limitazioni, le informazioni personali) inviata a Deciphera attraverso o in relazione a questo sito web sono soggetti alla Informativa sulla privacy di Deciphera, disponibile su questo sito web. La nostra Informativa sulla privacy \u00e8 qui incorporata per riferimento nei presenti Termini di utilizzo.\u2028\u2028Il mittente di qualsiasi informazione inviata a Deciphera \u00e8 l&#8217;unico responsabile del suo contenuto, inclusi, senza limitazioni, l&#8217;accuratezza, la veridicit\u00e0 e la non violazione dei diritti legali di qualsiasi altra persona. \t\t\t\t\t\t\t\t<\/div>\n\t\t\t\t<\/div>\n\t\t\t\t<div class=\"elementor-element elementor-element-6e1446b elementor-widget elementor-widget-heading\" data-id=\"6e1446b\" data-element_type=\"widget\" data-e-type=\"widget\" data-widget_type=\"heading.default\">\n\t\t\t\t<div class=\"elementor-widget-container\">\n\t\t\t\t\t<h3 class=\"elementor-heading-title elementor-size-default\">Informazioni datate<\/h3>\t\t\t\t<\/div>\n\t\t\t\t<\/div>\n\t\t\t\t<div class=\"elementor-element elementor-element-385d530 elementor-widget elementor-widget-text-editor\" data-id=\"385d530\" data-element_type=\"widget\" data-e-type=\"widget\" data-widget_type=\"text-editor.default\">\n\t\t\t\t<div class=\"elementor-widget-container\">\n\t\t\t\t\t\t\t\t\tSebbene Deciphera possa aggiornare o correggere periodicamente le informazioni presentate su questo sito web, tali informazioni possono contenere errori tipografici e\/o inesattezze tecniche e\/o omissioni. Deciphera non rilascia alcuna dichiarazione n\u00e9 garanzia circa l&#8217;accuratezza delle informazioni presenti su questo sito web e declina espressamente qualsiasi obbligo di aggiornamento di tali informazioni. Deciphera si riserva inoltre il diritto di aggiungere, eliminare o modificare qualsiasi informazione in qualsiasi momento e di volta in volta senza preavviso.  \t\t\t\t\t\t\t\t<\/div>\n\t\t\t\t<\/div>\n\t\t\t\t<div class=\"elementor-element elementor-element-d6d402c elementor-widget elementor-widget-heading\" data-id=\"d6d402c\" data-element_type=\"widget\" data-e-type=\"widget\" data-widget_type=\"heading.default\">\n\t\t\t\t<div class=\"elementor-widget-container\">\n\t\t\t\t\t<h3 class=\"elementor-heading-title elementor-size-default\">Collegamenti ad altri siti web<\/h3>\t\t\t\t<\/div>\n\t\t\t\t<\/div>\n\t\t\t\t<div class=\"elementor-element elementor-element-3227a92 elementor-widget elementor-widget-text-editor\" data-id=\"3227a92\" data-element_type=\"widget\" data-e-type=\"widget\" data-widget_type=\"text-editor.default\">\n\t\t\t\t<div class=\"elementor-widget-container\">\n\t\t\t\t\t\t\t\t\tIl presente sito web contiene collegamenti a siti web gestiti da organizzazioni sanitarie e di altro tipo organizzazioni, nonch\u00e9 alle autorit\u00e0 sanitarie pubbliche e alle mappe.<br>Deciphera fornisce questi collegamenti solo per comodit\u00e0 dell&#8217;utente. L&#8217;inclusione di qualsiasi collegamento non implica che Deciphera approvi siti web, societ\u00e0 o prodotti di terzi. Deciphera non ha alcun controllo sul contenuto di tali siti web di terzi e non si assume alcuna responsabilit\u00e0 per la funzionalit\u00e0 di tali siti web o per l&#8217;accuratezza delle informazioni presentate su tali altri siti web.  \t\t\t\t\t\t\t\t<\/div>\n\t\t\t\t<\/div>\n\t\t\t\t<div class=\"elementor-element elementor-element-412feed elementor-widget elementor-widget-heading\" data-id=\"412feed\" data-element_type=\"widget\" data-e-type=\"widget\" data-widget_type=\"heading.default\">\n\t\t\t\t<div class=\"elementor-widget-container\">\n\t\t\t\t\t<h3 class=\"elementor-heading-title elementor-size-default\">Collegamenti a questo sito web<\/h3>\t\t\t\t<\/div>\n\t\t\t\t<\/div>\n\t\t\t\t<div class=\"elementor-element elementor-element-c741f65 elementor-widget elementor-widget-text-editor\" data-id=\"c741f65\" data-element_type=\"widget\" data-e-type=\"widget\" data-widget_type=\"text-editor.default\">\n\t\t\t\t<div class=\"elementor-widget-container\">\n\t\t\t\t\t\t\t\t\tI link a qualsiasi documento pubblicato da Deciphera su questo sito web devono essere creati solo alla home page, senza eliminare alcun frame o il nostro indirizzo URL.\t\t\t\t\t\t\t\t<\/div>\n\t\t\t\t<\/div>\n\t\t\t\t<div class=\"elementor-element elementor-element-4bdf04e elementor-widget__width-initial elementor-widget elementor-widget-text-editor\" data-id=\"4bdf04e\" data-element_type=\"widget\" data-e-type=\"widget\" data-widget_type=\"text-editor.default\">\n\t\t\t\t<div class=\"elementor-widget-container\">\n\t\t\t\t\t\t\t\t\t<p>NESSUNA GARANZIA. IL PRESENTE SITO WEB E LE ALTRE INFORMAZIONI IN ESSO CONTENUTE O ACCESSIBILI TRAMITE LO STESSO SONO FORNITI &#8220;COS\u00cc COME SONO&#8221; SENZA ALCUN TIPO DI GARANZIA, ESPRESSE O IMPLICITE, INCLUSE, A TITOLO ESEMPLIFICATIVO, LE GARANZIE IMPLICITE DI COMMERCIABILIT\u00c0, IDONEIT\u00c0 PER UN PARTICOLARE SCOPO E NON VIOLAZIONE. IN PARTICOLARE, MA SENZA LIMITAZIONI, DECIPHERA NON GARANTISCE CHE: (i) LE INFORMAZIONI DISPONIBILI ATTRAVERSO IL PRESENTE IL SITO WEB \u00c8 PRIVO DI ERRORI; (ii) I CONTENUTI, LE FUNZIONI O I SERVIZI FORNITI DA QUESTO SITO WEB SARANNO ININTERROTTI, SICURI O PRIVI DI ERRORI; (iii) I DIFETTI SARANNO CORRETTI; O (iv) QUESTO SITO WEB O I SERVER CHE LO RENDONO DISPONIBILE SONO PRIVI DI VIRUS O ALTRI COMPONENTI DANNOSI.     <\/p><p>ESCLUSIONE DI RESPONSABILIT\u00c0. IN NESSUN CASO DECIPHERA SAR\u00c0 RESPONSABILE NEI CONFRONTI DELL&#8217;UTENTE, DI ALTRI UTENTI DEL PRESENTE SITO WEB, DI FORNITORI TERZI O DI ALTRE PERSONE O ENTIT\u00c0 PER DANNI SPECIALI, INCIDENTALI, PUNITIVI, CONSEQUENZIALI, ESEMPLARI O ALTRI DANNI INDIRETTI. (INCLUSE, A TITOLO ESEMPLIFICATIVO MA NON ESAUSTIVO, LE PERDITE DI PROFITTI, LA PERDITA DI DATI, LA PERDITA DI UTILIZZO O I COSTI DI ACQUIS DI DATI, PERDITA DI UTILIZZO O COSTI DI ACQUISTO DI BENI O SERVIZI SOSTITUTIVI) DERIVANTI DALL&#8217;UTILIZZO, DALL&#8217;IMPOSSIBILIT\u00c0 DI UTILIZZO, ACCESSO NON AUTORIZZATO O UTILIZZO O USO IMPROPRIO DI QUESTO SITO WEB, SIA BASATI SU GARANZIA, CONTRATTO, ILLECITO (INCLUSA LA NEGLIGENZA) O ALTRO, ANCHE SE SIAMO STATI INFORMATI DELLA POSSIBILIT\u00c0 DI TALI DANNI O PERDITE. <\/p>\t\t\t\t\t\t\t\t<\/div>\n\t\t\t\t<\/div>\n\t\t\t\t<div class=\"elementor-element elementor-element-13a92d5 elementor-widget elementor-widget-heading\" data-id=\"13a92d5\" data-element_type=\"widget\" data-e-type=\"widget\" data-widget_type=\"heading.default\">\n\t\t\t\t<div class=\"elementor-widget-container\">\n\t\t\t\t\t<h3 class=\"elementor-heading-title elementor-size-default\">Legge applicabile<\/h3>\t\t\t\t<\/div>\n\t\t\t\t<\/div>\n\t\t\t\t<div class=\"elementor-element elementor-element-948d261 elementor-widget elementor-widget-text-editor\" data-id=\"948d261\" data-element_type=\"widget\" data-e-type=\"widget\" data-widget_type=\"text-editor.default\">\n\t\t\t\t<div class=\"elementor-widget-container\">\n\t\t\t\t\t\t\t\t\tQuesto sito web \u00e8 accessibile a livello globale. Accedendo a questo sito web, l&#8217;utente e Deciphera accettano che le leggi della Svizzera, indipendentemente dai principi di conflitto di leggi, si applichino a tutte le controversie basate su, derivanti da o relative all&#8217;utilizzo di questo sito web o di qualsiasi informazione in esso contenuta.  \n\nIn relazione a tali controversie, l&#8217;utente e Deciphera accettano inoltre di sottoporsi alla giurisdizione esclusiva dei tribunali svizzeri.\t\t\t\t\t\t\t\t<\/div>\n\t\t\t\t<\/div>\n\t\t\t\t<div class=\"elementor-element elementor-element-23f797f elementor-widget elementor-widget-heading\" data-id=\"23f797f\" data-element_type=\"widget\" data-e-type=\"widget\" data-widget_type=\"heading.default\">\n\t\t\t\t<div class=\"elementor-widget-container\">\n\t\t\t\t\t<h3 class=\"elementor-heading-title elementor-size-default\">Varie<\/h3>\t\t\t\t<\/div>\n\t\t\t\t<\/div>\n\t\t\t\t<div class=\"elementor-element elementor-element-3d87fb8 elementor-widget elementor-widget-text-editor\" data-id=\"3d87fb8\" data-element_type=\"widget\" data-e-type=\"widget\" data-widget_type=\"text-editor.default\">\n\t\t\t\t<div class=\"elementor-widget-container\">\n\t\t\t\t\t\t\t\t\tNon \u00e8 consentito cedere o trasferire i propri diritti o obblighi ai sensi delle presenti Condizioni d&#8217;uso, in tutto o in parte, a terzi senza il nostro consenso. Le presenti Condizioni d&#8217;uso sono vincolanti e hanno efficacia a beneficio delle parti delle presenti Condizioni d&#8217;uso e dei rispettivi successori e cessionari autorizzati. \t\t\t\t\t\t\t\t<\/div>\n\t\t\t\t<\/div>\n\t\t\t\t<div class=\"elementor-element elementor-element-cafd0f3 elementor-widget elementor-widget-heading\" data-id=\"cafd0f3\" data-element_type=\"widget\" data-e-type=\"widget\" data-widget_type=\"heading.default\">\n\t\t\t\t<div class=\"elementor-widget-container\">\n\t\t\t\t\t<h3 class=\"elementor-heading-title elementor-size-default\">Modifiche alla presente Informativa<\/h3>\t\t\t\t<\/div>\n\t\t\t\t<\/div>\n\t\t\t\t<div class=\"elementor-element elementor-element-268a55a elementor-widget elementor-widget-text-editor\" data-id=\"268a55a\" data-element_type=\"widget\" data-e-type=\"widget\" data-widget_type=\"text-editor.default\">\n\t\t\t\t<div class=\"elementor-widget-container\">\n\t\t\t\t\t\t\t\t\tDeciphera si riserva il diritto di modificare le presenti Condizioni d&#8217;uso di volta in volta per qualsiasi motivo. Tali modifiche saranno rese effettive mediante la pubblicazione delle Condizioni d&#8217;uso aggiornate su questo sito web; tuttavia, tali modifiche si applicheranno solo all&#8217;utilizzo di questo sito web da parte dell&#8217;utente dopo la data di tali modifiche, a meno che l&#8217;utente non accetti espressamente l&#8217;applicazione retroattiva di tali modifiche tramite un accordo click-through, un accordo firmato o altro, o in altro modo. \t\t\t\t\t\t\t\t<\/div>\n\t\t\t\t<\/div>\n\t\t\t\t<div class=\"elementor-element elementor-element-4982771 elementor-widget elementor-widget-text-editor\" data-id=\"4982771\" data-element_type=\"widget\" data-e-type=\"widget\" data-widget_type=\"text-editor.default\">\n\t\t\t\t<div class=\"elementor-widget-container\">\n\t\t\t\t\t\t\t\t\t<p>Copyright \u00a9 2025 Deciphera Pharmaceuticals, Inc. e il logo Deciphera sono marchi registrati di Deciphera Pharmaceuticals, LLC.<br><br>Aggiornato: ottobre 2025<\/p>\t\t\t\t\t\t\t\t<\/div>\n\t\t\t\t<\/div>\n\t\t\t\t<\/div>\n\t\t\t\t<\/div>\n\t\t\t\t<\/div>\n\t\t","protected":false},"excerpt":{"rendered":"<p>Termini e condizioni Benvenuti su www.livingwithgist.eu. Si prega di leggere attentamente i seguenti termini e condizioni d&#8217;uso (i &#8220;Termini d&#8217;uso&#8221;) prima di utilizzare questo sito web. L&#8217;utilizzo di questo sito web \u00e8 soggetto alle condizioni incluse nei presenti Termini d&#8217;uso e ne costituisce l&#8217;accettazione. Informazioni generali Il presente sito web all&#8217;indirizzo www.fivingwithgist.eu e i suoi [&hellip;]<\/p>\n","protected":false},"author":2,"featured_media":0,"parent":0,"menu_order":0,"comment_status":"closed","ping_status":"closed","template":"","meta":{"footnotes":""},"class_list":["post-5170","page","type-page","status-publish","hentry"],"yoast_head":"<!-- This site is optimized with the Yoast SEO plugin v26.9 - https:\/\/yoast.com\/product\/yoast-seo-wordpress\/ -->\n<title>Termini e condizioni - Living with GIST<\/title>\n<meta name=\"robots\" content=\"noindex, nofollow\" \/>\n<meta property=\"og:locale\" content=\"it_IT\" \/>\n<meta property=\"og:type\" content=\"article\" \/>\n<meta property=\"og:title\" content=\"Termini e condizioni - Living with GIST\" \/>\n<meta property=\"og:description\" content=\"Termini e condizioni Benvenuti su www.livingwithgist.eu. Si prega di leggere attentamente i seguenti termini e condizioni d&#8217;uso (i &#8220;Termini d&#8217;uso&#8221;) prima di utilizzare questo sito web. L&#8217;utilizzo di questo sito web \u00e8 soggetto alle condizioni incluse nei presenti Termini d&#8217;uso e ne costituisce l&#8217;accettazione. Informazioni generali Il presente sito web all&#8217;indirizzo www.fivingwithgist.eu e i suoi [&hellip;]\" \/>\n<meta property=\"og:url\" content=\"https:\/\/livingwithgist.eu\/it\/termini-e-condizioni\/\" \/>\n<meta property=\"og:site_name\" content=\"Living with GIST\" \/>\n<meta property=\"article:modified_time\" content=\"2025-10-17T08:48:21+00:00\" \/>\n<meta name=\"twitter:card\" content=\"summary_large_image\" \/>\n<meta name=\"twitter:label1\" content=\"Tempo di lettura stimato\" \/>\n\t<meta name=\"twitter:data1\" content=\"6 minuti\" \/>\n<script type=\"application\/ld+json\" class=\"yoast-schema-graph\">{\"@context\":\"https:\/\/schema.org\",\"@graph\":[{\"@type\":\"WebPage\",\"@id\":\"https:\/\/livingwithgist.eu\/it\/termini-e-condizioni\/\",\"url\":\"https:\/\/livingwithgist.eu\/it\/termini-e-condizioni\/\",\"name\":\"Termini e condizioni - Living with GIST\",\"isPartOf\":{\"@id\":\"https:\/\/livingwithgist.eu\/it\/#website\"},\"datePublished\":\"2025-06-19T08:06:39+00:00\",\"dateModified\":\"2025-10-17T08:48:21+00:00\",\"breadcrumb\":{\"@id\":\"https:\/\/livingwithgist.eu\/it\/termini-e-condizioni\/#breadcrumb\"},\"inLanguage\":\"it-IT\",\"potentialAction\":[{\"@type\":\"ReadAction\",\"target\":[\"https:\/\/livingwithgist.eu\/it\/termini-e-condizioni\/\"]}]},{\"@type\":\"BreadcrumbList\",\"@id\":\"https:\/\/livingwithgist.eu\/it\/termini-e-condizioni\/#breadcrumb\",\"itemListElement\":[{\"@type\":\"ListItem\",\"position\":1,\"name\":\"Home\",\"item\":\"https:\/\/livingwithgist.eu\/it\/home-2\/\"},{\"@type\":\"ListItem\",\"position\":2,\"name\":\"Termini e condizioni\"}]},{\"@type\":\"WebSite\",\"@id\":\"https:\/\/livingwithgist.eu\/it\/#website\",\"url\":\"https:\/\/livingwithgist.eu\/it\/\",\"name\":\"Living with GIST\",\"description\":\"\",\"publisher\":{\"@id\":\"https:\/\/livingwithgist.eu\/it\/#organization\"},\"potentialAction\":[{\"@type\":\"SearchAction\",\"target\":{\"@type\":\"EntryPoint\",\"urlTemplate\":\"https:\/\/livingwithgist.eu\/it\/?s={search_term_string}\"},\"query-input\":{\"@type\":\"PropertyValueSpecification\",\"valueRequired\":true,\"valueName\":\"search_term_string\"}}],\"inLanguage\":\"it-IT\"},{\"@type\":\"Organization\",\"@id\":\"https:\/\/livingwithgist.eu\/it\/#organization\",\"name\":\"Living with GIST\",\"url\":\"https:\/\/livingwithgist.eu\/it\/\",\"logo\":{\"@type\":\"ImageObject\",\"inLanguage\":\"it-IT\",\"@id\":\"https:\/\/livingwithgist.eu\/it\/#\/schema\/logo\/image\/\",\"url\":\"https:\/\/livingwithgist.eu\/wp-content\/uploads\/2025\/06\/logo.png\",\"contentUrl\":\"https:\/\/livingwithgist.eu\/wp-content\/uploads\/2025\/06\/logo.png\",\"width\":162,\"height\":84,\"caption\":\"Living with GIST\"},\"image\":{\"@id\":\"https:\/\/livingwithgist.eu\/it\/#\/schema\/logo\/image\/\"}}]}<\/script>\n<!-- \/ Yoast SEO plugin. -->","yoast_head_json":{"title":"Termini e condizioni - Living with GIST","robots":{"index":"noindex","follow":"nofollow"},"og_locale":"it_IT","og_type":"article","og_title":"Termini e condizioni - Living with GIST","og_description":"Termini e condizioni Benvenuti su www.livingwithgist.eu. Si prega di leggere attentamente i seguenti termini e condizioni d&#8217;uso (i &#8220;Termini d&#8217;uso&#8221;) prima di utilizzare questo sito web. L&#8217;utilizzo di questo sito web \u00e8 soggetto alle condizioni incluse nei presenti Termini d&#8217;uso e ne costituisce l&#8217;accettazione. Informazioni generali Il presente sito web all&#8217;indirizzo www.fivingwithgist.eu e i suoi [&hellip;]","og_url":"https:\/\/livingwithgist.eu\/it\/termini-e-condizioni\/","og_site_name":"Living with GIST","article_modified_time":"2025-10-17T08:48:21+00:00","twitter_card":"summary_large_image","twitter_misc":{"Tempo di lettura stimato":"6 minuti"},"schema":{"@context":"https:\/\/schema.org","@graph":[{"@type":"WebPage","@id":"https:\/\/livingwithgist.eu\/it\/termini-e-condizioni\/","url":"https:\/\/livingwithgist.eu\/it\/termini-e-condizioni\/","name":"Termini e condizioni - Living with GIST","isPartOf":{"@id":"https:\/\/livingwithgist.eu\/it\/#website"},"datePublished":"2025-06-19T08:06:39+00:00","dateModified":"2025-10-17T08:48:21+00:00","breadcrumb":{"@id":"https:\/\/livingwithgist.eu\/it\/termini-e-condizioni\/#breadcrumb"},"inLanguage":"it-IT","potentialAction":[{"@type":"ReadAction","target":["https:\/\/livingwithgist.eu\/it\/termini-e-condizioni\/"]}]},{"@type":"BreadcrumbList","@id":"https:\/\/livingwithgist.eu\/it\/termini-e-condizioni\/#breadcrumb","itemListElement":[{"@type":"ListItem","position":1,"name":"Home","item":"https:\/\/livingwithgist.eu\/it\/home-2\/"},{"@type":"ListItem","position":2,"name":"Termini e condizioni"}]},{"@type":"WebSite","@id":"https:\/\/livingwithgist.eu\/it\/#website","url":"https:\/\/livingwithgist.eu\/it\/","name":"Living with GIST","description":"","publisher":{"@id":"https:\/\/livingwithgist.eu\/it\/#organization"},"potentialAction":[{"@type":"SearchAction","target":{"@type":"EntryPoint","urlTemplate":"https:\/\/livingwithgist.eu\/it\/?s={search_term_string}"},"query-input":{"@type":"PropertyValueSpecification","valueRequired":true,"valueName":"search_term_string"}}],"inLanguage":"it-IT"},{"@type":"Organization","@id":"https:\/\/livingwithgist.eu\/it\/#organization","name":"Living with GIST","url":"https:\/\/livingwithgist.eu\/it\/","logo":{"@type":"ImageObject","inLanguage":"it-IT","@id":"https:\/\/livingwithgist.eu\/it\/#\/schema\/logo\/image\/","url":"https:\/\/livingwithgist.eu\/wp-content\/uploads\/2025\/06\/logo.png","contentUrl":"https:\/\/livingwithgist.eu\/wp-content\/uploads\/2025\/06\/logo.png","width":162,"height":84,"caption":"Living with GIST"},"image":{"@id":"https:\/\/livingwithgist.eu\/it\/#\/schema\/logo\/image\/"}}]}},"_links":{"self":[{"href":"https:\/\/livingwithgist.eu\/it\/wp-json\/wp\/v2\/pages\/5170","targetHints":{"allow":["GET"]}}],"collection":[{"href":"https:\/\/livingwithgist.eu\/it\/wp-json\/wp\/v2\/pages"}],"about":[{"href":"https:\/\/livingwithgist.eu\/it\/wp-json\/wp\/v2\/types\/page"}],"author":[{"embeddable":true,"href":"https:\/\/livingwithgist.eu\/it\/wp-json\/wp\/v2\/users\/2"}],"replies":[{"embeddable":true,"href":"https:\/\/livingwithgist.eu\/it\/wp-json\/wp\/v2\/comments?post=5170"}],"version-history":[{"count":1,"href":"https:\/\/livingwithgist.eu\/it\/wp-json\/wp\/v2\/pages\/5170\/revisions"}],"predecessor-version":[{"id":5171,"href":"https:\/\/livingwithgist.eu\/it\/wp-json\/wp\/v2\/pages\/5170\/revisions\/5171"}],"wp:attachment":[{"href":"https:\/\/livingwithgist.eu\/it\/wp-json\/wp\/v2\/media?parent=5170"}],"curies":[{"name":"wp","href":"https:\/\/api.w.org\/{rel}","templated":true}]}}